{"id":1744,"date":"2018-08-06T07:30:45","date_gmt":"2018-08-06T07:30:45","guid":{"rendered":"https:\/\/haqaa.aau.org\/?page_id=1744\/"},"modified":"2018-08-06T07:30:45","modified_gmt":"2018-08-06T07:30:45","slug":"resume-et-recommandations-de-la-formation-haqaa","status":"publish","type":"page","link":"https:\/\/haqaa.aau.org\/fr\/activites\/cours-de-formation-haqaa\/resume-et-recommandations-de-la-formation-haqaa\/","title":{"rendered":"R\u00e9sum\u00e9 et recommandations de la formation HAQAA"},"content":{"rendered":"<p>Entre octobre\u00a02016 et juin\u00a02017, l\u2019initiative pour l\u2019harmonisation de l\u2019assurance qualit\u00e9 et de l\u2019accr\u00e9ditation dans l\u2019enseignement sup\u00e9rieur africain (<em>Harmonisation of African Higher Education Quality Assurance and Accreditation,<\/em> HAQAA) a organis\u00e9 une formation \u00e0 l\u2019\u00e9chelle du continent intitul\u00e9e \u00ab\u00a0D\u00e9velopper une compr\u00e9hension commune de l\u2019assurance qualit\u00e9 en Afrique\u00a0\u00bb. Cette formation, qui a rassembl\u00e9 des professionnels d\u00e9sign\u00e9s repr\u00e9sentant les organismes nationaux en assurance qualit\u00e9 de quarante-et-un\u00a0pays africains, a \u00e9t\u00e9 dispens\u00e9e en anglais et en fran\u00e7ais avec l\u2019objectif de <strong>contribuer \u00e0 une compr\u00e9hension commune de l\u2019assurance qualit\u00e9 dans l\u2019enseignement sup\u00e9rieur en Afrique<\/strong>.<\/p>\n<p>Les principaux enseignements conclus par les participants et les principaux messages de fond tir\u00e9s de cette formation sont r\u00e9sum\u00e9s sur la publication suivante:<\/p>\n<p>Pour t\u00e9l\u00e9charger la publication <a href=\"https:\/\/haqaa.aau.org\/wp-content\/uploads\/2018\/08\/HAQAA-Training-Course-Final-outcome-report-and-publication_FR.pdf\"><strong>en fran\u00e7ais<\/strong> cliquez ici. <\/a><\/p>\n<p>Pour t\u00e9l\u00e9charger la publication <a href=\"https:\/\/haqaa.aau.org\/wp-content\/uploads\/2018\/08\/HAQAA-Training-Course-Final-outcome-report-and-publication_ENG_FINAL.pdf\"><strong>en anglais<\/strong>, cliquez ici. <\/a><\/p>\n","protected":false},"excerpt":{"rendered":"<p>Entre octobre\u00a02016 et juin\u00a02017, l\u2019initiative pour l\u2019harmonisation de l\u2019assurance qualit\u00e9 et de l\u2019accr\u00e9ditation dans l\u2019enseignement sup\u00e9rieur africain (Harmonisation of African Higher Education Quality Assurance and Accreditation, HAQAA) a organis\u00e9 une formation \u00e0 l\u2019\u00e9chelle du continent intitul\u00e9e \u00ab\u00a0D\u00e9velopper une compr\u00e9hension commune de l\u2019assurance qualit\u00e9 en Afrique\u00a0\u00bb. Cette formation, qui a rassembl\u00e9 des professionnels d\u00e9sign\u00e9s repr\u00e9sentant les organismes nationaux en assurance qualit\u00e9 &#8230; <\/p>\n<div><a href=\"https:\/\/haqaa.aau.org\/fr\/activites\/cours-de-formation-haqaa\/resume-et-recommandations-de-la-formation-haqaa\/\" class=\"more-link\">Read More<\/a><\/div>\n","protected":false},"author":1,"featured_media":0,"parent":1785,"menu_order":0,"comment_status":"closed","ping_status":"closed","template":"","meta":{"footnotes":""},"class_list":["post-1744","page","type-page","status-publish","hentry","no-post-thumbnail"],"_links":{"self":[{"href":"https:\/\/haqaa.aau.org\/fr\/wp-json\/wp\/v2\/pages\/1744","targetHints":{"allow":["GET"]}}],"collection":[{"href":"https:\/\/haqaa.aau.org\/fr\/wp-json\/wp\/v2\/pages"}],"about":[{"href":"https:\/\/haqaa.aau.org\/fr\/wp-json\/wp\/v2\/types\/page"}],"author":[{"embeddable":true,"href":"https:\/\/haqaa.aau.org\/fr\/wp-json\/wp\/v2\/users\/1"}],"replies":[{"embeddable":true,"href":"https:\/\/haqaa.aau.org\/fr\/wp-json\/wp\/v2\/comments?post=1744"}],"version-history":[{"count":1,"href":"https:\/\/haqaa.aau.org\/fr\/wp-json\/wp\/v2\/pages\/1744\/revisions"}],"predecessor-version":[{"id":1745,"href":"https:\/\/haqaa.aau.org\/fr\/wp-json\/wp\/v2\/pages\/1744\/revisions\/1745"}],"up":[{"embeddable":true,"href":"https:\/\/haqaa.aau.org\/fr\/wp-json\/wp\/v2\/pages\/1785"}],"wp:attachment":[{"href":"https:\/\/haqaa.aau.org\/fr\/wp-json\/wp\/v2\/media?parent=1744"}],"curies":[{"name":"wp","href":"https:\/\/api.w.org\/{rel}","templated":true}]}}