{"id":1772,"date":"2018-10-09T09:07:38","date_gmt":"2018-10-09T09:07:38","guid":{"rendered":"https:\/\/haqaa.aau.org\/?page_id=1772\/"},"modified":"2018-10-09T09:07:38","modified_gmt":"2018-10-09T09:07:38","slug":"references-et-lignes-directrices-pour-lassurance-qualite-dans-lenseignement-superieur-africain-asg-qa","status":"publish","type":"page","link":"https:\/\/haqaa.aau.org\/fr\/activites\/references-et-lignes-directrices-pour-lassurance-qualite-dans-lenseignement-superieur-africain-asg-qa\/","title":{"rendered":"R\u00e9f\u00e9rences et lignes directrices pour l&rsquo;assurance qualit\u00e9 dans l\u2019enseignement sup\u00e9rieur africain (ASG-QA)"},"content":{"rendered":"","protected":false},"excerpt":{"rendered":"","protected":false},"author":1,"featured_media":0,"parent":466,"menu_order":0,"comment_status":"closed","ping_status":"closed","template":"","meta":{"footnotes":""},"class_list":["post-1772","page","type-page","status-publish","hentry","no-post-thumbnail"],"_links":{"self":[{"href":"https:\/\/haqaa.aau.org\/fr\/wp-json\/wp\/v2\/pages\/1772","targetHints":{"allow":["GET"]}}],"collection":[{"href":"https:\/\/haqaa.aau.org\/fr\/wp-json\/wp\/v2\/pages"}],"about":[{"href":"https:\/\/haqaa.aau.org\/fr\/wp-json\/wp\/v2\/types\/page"}],"author":[{"embeddable":true,"href":"https:\/\/haqaa.aau.org\/fr\/wp-json\/wp\/v2\/users\/1"}],"replies":[{"embeddable":true,"href":"https:\/\/haqaa.aau.org\/fr\/wp-json\/wp\/v2\/comments?post=1772"}],"version-history":[{"count":1,"href":"https:\/\/haqaa.aau.org\/fr\/wp-json\/wp\/v2\/pages\/1772\/revisions"}],"predecessor-version":[{"id":1773,"href":"https:\/\/haqaa.aau.org\/fr\/wp-json\/wp\/v2\/pages\/1772\/revisions\/1773"}],"up":[{"embeddable":true,"href":"https:\/\/haqaa.aau.org\/fr\/wp-json\/wp\/v2\/pages\/466"}],"wp:attachment":[{"href":"https:\/\/haqaa.aau.org\/fr\/wp-json\/wp\/v2\/media?parent=1772"}],"curies":[{"name":"wp","href":"https:\/\/api.w.org\/{rel}","templated":true}]}}