{"id":453,"date":"2016-07-08T10:30:20","date_gmt":"2016-07-08T10:30:20","guid":{"rendered":"http:\/\/www.aau.org\/haqaa\/fr\/?page_id=453"},"modified":"2017-01-16T12:45:52","modified_gmt":"2017-01-16T12:45:52","slug":"base-de-donnees-de-laq","status":"publish","type":"page","link":"https:\/\/haqaa.aau.org\/fr\/base-de-donnees-de-laq\/","title":{"rendered":"Base de donn\u00e9es de l\u2019AQ"},"content":{"rendered":"<p>L&rsquo;Initiative HAQAA est en train de cr\u00e9er\u00a0 une base de donn\u00e9es afin de recueillir des informations sur les diff\u00e9rents experts en Assurance Qualit\u00e9 et ceux int\u00e9ress\u00e9s par l&rsquo;AQ en Afrique et au-del\u00e0. Cette base de donn\u00e9es sera aliment\u00e9 par les r\u00e9seaux et bases de donn\u00e9es existantes &#8211; par exemple ceux qui ont une expertise dans l\u2019Assurance Qualit\u00e9 et ceux qui ont particip\u00e9 \u00e0 des projets d&rsquo;Assurance Qualit\u00e9 tels que l&rsquo;initiative pilote AQRM en 2014\/15, les experts form\u00e9s du DAAD, l&rsquo;AEU \/ AUA, la grande qualit\u00e9 des experts de Quality Connect pour les \u00e9valuations institutionnelles, les membres d\u2019AfriQAN, IUCEA, CAMES, la grande qualit\u00e9 des \u00e9valuateurs institutionnels de l\u2019AUF. Tous ceux qui sont int\u00e9ress\u00e9s \u00e0 l&rsquo;Assurance Qualit\u00e9 mais ne d\u00e9tiennent pas de comp\u00e9tences et d&rsquo;expertise sont \u00e9galement appel\u00e9s \u00e0 s\u2019inscrire sur la base de donn\u00e9es. D&rsquo;autres experts internationaux dans l\u2019AQ au-del\u00e0 du continent africain qui ont un int\u00e9r\u00eat particulier pour AQ en Afrique peuvent \u00e9galement s\u2019inscrire.<\/p>\n<p><strong>Les avantages d\u2019inscription incluront:<\/strong><\/p>\n<ol>\n<li>Participation \u00e0 des forums organis\u00e9s en Assurance Qualit\u00e9<\/li>\n<li>Faire partie d&rsquo;une liste de diffusion et recevoir des informations sur mesure sur l&rsquo;Assurance Qualit\u00e9 et sur HAQAA plus pr\u00e9cis\u00e9ment.<\/li>\n<li>Les possibilit\u00e9s d&rsquo;apprentissage et d&rsquo;acc\u00e8s aux ressources sur l&rsquo;Assurance Qualit\u00e9<\/li>\n<li>Faire partie d&rsquo;une communaut\u00e9 mondiale et obtenir des informations de premi\u00e8re main sur les initiatives d&rsquo;Assurance Qualit\u00e9 et les opportunit\u00e9s en Afrique<\/li>\n<\/ol>\n<p>Veuillez remplir ce formulaire en ligne en vue de fournir d\u2019informations pour la base de donn\u00e9es<\/p>\n<div class=\"wrap pdb-signup pdb-instance-2\" >\n\n    <form method=\"post\" enctype=\"multipart\/form-data\"  autocomplete=\"off\" action=\"\/fr\/wp-json\/wp\/v2\/pages\/453\" ><input name=\"action\" type=\"hidden\" value=\"signup\" \/>\n\n<input name=\"subsource\" type=\"hidden\" value=\"participants-database\" \/>\n\n<input name=\"shortcode_page\" type=\"hidden\" value=\"\/fr\/wp-json\/wp\/v2\/pages\/453\" \/>\n\n<input name=\"thanks_page\" type=\"hidden\" value=\"\/fr\/wp-json\/wp\/v2\/pages\/453\" \/>\n\n<input name=\"instance_index\" type=\"hidden\" value=\"2\" \/>\n\n<input name=\"pdb_data_keys\" type=\"hidden\" value=\"20.1.2.4.6.23.21.26.3.9.22.8.10.27.28.29.38.11.12.32.33.24.39\" \/>\n\n<input name=\"session_hash\" type=\"hidden\" value=\"9b570cde52\" \/>\n\n    <table class=\"form-table pdb-signup\">\n\n      \n      <tbody class=\"field-group field-group-main\">\n        \n                \n        \n        <tr class=\"dropdown title-input-group\">\n\n          <th for=\"pdb-title-2\">Title \/ Titre \/ T\u00edtulo<\/th>\n\n          <td>\n\n            <select name=\"title\" id=\"pdb-title-2\" class=\"required-field\">\n<option value=\"\" selected=\"selected\">&nbsp;<\/option>\n<option value=\"Mr.\">Mr.<\/option>\n<option value=\"Mrs.\">Mrs.<\/option>\n<option value=\"Ms.\">Ms.<\/option>\n<option value=\"Prof.\">Prof.<\/option>\n<option value=\"Dr.\">Dr.<\/option>\n<\/select>\n\n                        \n          <\/td>\n\n        <\/tr>\n  \n        \n        <tr class=\"text-line first_name-input-group\">\n\n          <th for=\"pdb-first_name-2\">First Name \/ Pr\u00e9nom \/ Prenome<\/th>\n\n          <td>\n\n            <input name=\"first_name\" id=\"pdb-first_name-2\" class=\"required-field regular-text\" type=\"text\" value=\"\" \/>\n\n                        \n          <\/td>\n\n        <\/tr>\n  \n        \n        <tr class=\"text-line last_name-input-group\">\n\n          <th for=\"pdb-last_name-2\">Last Name \/ Nom de Famille \/Outros  Nomes<\/th>\n\n          <td>\n\n            <input name=\"last_name\" id=\"pdb-last_name-2\" class=\"required-field regular-text\" type=\"text\" value=\"\" \/>\n\n                        \n          <\/td>\n\n        <\/tr>\n  \n        \n        <tr class=\"text-line city-input-group\">\n\n          <th for=\"pdb-city-2\">City \/ Ville \/ Cidade<\/th>\n\n          <td>\n\n            <input name=\"city\" id=\"pdb-city-2\" class=\"required-field regular-text\" type=\"text\" value=\"\" \/>\n\n                        \n          <\/td>\n\n        <\/tr>\n  \n        \n        <tr class=\"text-line country-input-group\">\n\n          <th for=\"pdb-country-2\">Country \/ Pays \/ Pa\u00eds<\/th>\n\n          <td>\n\n            <input name=\"country\" id=\"pdb-country-2\" class=\"required-field regular-text\" type=\"text\" value=\"\" \/>\n\n                        \n          <\/td>\n\n        <\/tr>\n  \n        \n        <tr class=\"text-line nationality-input-group\">\n\n          <th for=\"pdb-nationality-2\">Nationality \/ Nationalit\u00e9 \/ Nacionalidade<\/th>\n\n          <td>\n\n            <input name=\"nationality\" id=\"pdb-nationality-2\" class=\"required-field regular-text\" type=\"text\" value=\"\" \/>\n\n                        \n          <\/td>\n\n        <\/tr>\n  \n        \n        <tr class=\"radio gender-input-group\">\n\n          <th for=\"pdb-gender-2\">Gender \/ Sexe \/ Sexo<\/th>\n\n          <td>\n\n            <div class=\"radio-group\">\n<fieldset class=\"no-border\">\n<legend class=\"screen-reader-text\">Gender \/ Sexe \/ Sexo<\/legend>\n<label class=\"required-field\" for=\"pdb-gender-male--masculino-2\">\n<input name=\"gender\" id=\"pdb-gender-male--masculino-2\" class=\"required-field\" type=\"radio\" value=\"Male \/ Masculino\" \/>\nMale \/ Masculino<\/label>\n<label class=\"required-field\" for=\"pdb-gender-female--feminino-2\">\n<input name=\"gender\" id=\"pdb-gender-female--feminino-2\" class=\"required-field\" type=\"radio\" value=\"Female \/ Feminino\" \/>\nFemale \/ Feminino<\/label>\n<\/fieldset><!-- .no-border --><\/div><!-- .radio-group -->\n\n                        \n          <\/td>\n\n        <\/tr>\n  \n        \n        <tr class=\"text-line place_of_work-input-group\">\n\n          <th for=\"pdb-place_of_work-2\">Institution \/ Lieu de travail \/ Local de Trabalho<\/th>\n\n          <td>\n\n            <input name=\"place_of_work\" id=\"pdb-place_of_work-2\" class=\" regular-text\" type=\"text\" value=\"\" \/>\n\n                        <span class=\"helptext\">Name of Institution you are associated with with \/ Nom de votre Institution \/Nome da Institui\u00e7\u00e3o com que  voc\u00ea est\u00e1  associado<\/span>\n                        \n          <\/td>\n\n        <\/tr>\n  \n        \n        <tr class=\"text-area address-input-group\">\n\n          <th for=\"pdb-address-2\">Work Address \/ Adresse au travail \/ Endere\u00e7o do Local de Trabalho<\/th>\n\n          <td>\n\n            <textarea name=\"address\" rows=\"2\" cols=\"40\" id=\"pdb-address-2\"><\/textarea>\n\n                        <span class=\"helptext\">12 Street Name, Town\/Area \/ Nom de la rue, Ville\/R\u00e9gion \/ Nome da Rua, Cidade\/\u00c1rea<\/span>\n                        \n          <\/td>\n\n        <\/tr>\n  \n        \n        <tr class=\"text-line email-input-group\">\n\n          <th for=\"pdb-email-2\">Email 1 \/ Adresse electronique 1<\/th>\n\n          <td>\n\n            <input name=\"email\" id=\"pdb-email-2\" class=\"required-field regular-text\" type=\"text\" value=\"\" \/>\n\n                        \n          <\/td>\n\n        <\/tr>\n  \n        \n        <tr class=\"text-line email_office-input-group\">\n\n          <th for=\"pdb-email_office-2\">Email 2 \/ Adresse electronique 2<\/th>\n\n          <td>\n\n            <input name=\"email_office\" id=\"pdb-email_office-2\" class=\" regular-text\" type=\"text\" value=\"\" \/>\n\n                        \n          <\/td>\n\n        <\/tr>\n  \n        \n        <tr class=\"text-line phone-input-group\">\n\n          <th for=\"pdb-phone-2\">Mobile Number \/  Num\u00e9ro de Telephone \/ N\u00famero de Celular<\/th>\n\n          <td>\n\n            <input name=\"phone\" id=\"pdb-phone-2\" class=\" regular-text\" type=\"text\" value=\"\" \/>\n\n                        <span class=\"helptext\">Your primary contact number \/ Num\u00e9ro de telephone \/O seu n\u00famero principal de Contato<\/span>\n                        \n          <\/td>\n\n        <\/tr>\n  \n        \n        <tr class=\"checkbox mailing_list-input-group\">\n\n          <th for=\"pdb-mailing_list-2\">Mailing List \/ List de Diffusion \/ Mala Direita<\/th>\n\n          <td>\n\n            <input name=\"mailing_list\" id=\"pdb-mailing_list-2-default\" type=\"hidden\" value=\"No\/N\u00e3o\" \/>\n<input name=\"mailing_list\" id=\"pdb-mailing_list-2\" type=\"checkbox\" value=\"Yes\/Sim\" \/>\n\n                        <span class=\"helptext\">Do you want to receive our newsletter and occasional announcements? \/ Voulez-vous recevoir nos lettres d\u2019informations ou nos announces occasionnels \/ Voc\u00ea quer receber o nosso boletim e an\u00fancios ocasionais<\/span>\n                        \n          <\/td>\n\n        <\/tr>\n  \n        \n        <tr class=\"text-line area_of_specialization-input-group\">\n\n          <th for=\"pdb-area_of_specialization-2\">Area of Specialization \/ Domaine de sp\u00e9cialisation \/ \u00c1rea de Especializa\u00e7\u00e3o<\/th>\n\n          <td>\n\n            <input name=\"area_of_specialization\" id=\"pdb-area_of_specialization-2\" class=\" regular-text\" type=\"text\" value=\"\" \/>\n\n                        <span class=\"helptext\">eg. Medicine, Education etc. \/  ex: La medicine , Enseignement etc. \/ por exemplo,Medicina, Educa\u00e7\u00e3o etc.<\/span>\n                        \n          <\/td>\n\n        <\/tr>\n  \n        \n        <tr class=\"multi-checkbox type_of_contact-input-group\">\n\n          <th for=\"pdb-type_of_contact-2\">Type of Contact \/ Type de Contrat \/ Tipo de Contato<\/th>\n\n          <td>\n\n            <div class=\"multicheckbox\">\n<input name=\"type_of_contact[]\" id=\"pdb-type_of_contact-2-default\" class=\"required-field\" type=\"hidden\" value=\"\" \/>\n<div class=\"checkbox-group\">\n<fieldset class=\"no-border\">\n<legend class=\"screen-reader-text\">Type of Contact \/ Type de Contrat \/ Tipo de Contato<\/legend>\n<label class=\"required-field\" for=\"pdb-type_of_contact-quality-assurance-expert--expert-en-assurance-qualit--especialista-em-garantia-de-qualidade-2\">\n<input name=\"type_of_contact[]\" id=\"pdb-type_of_contact-quality-assurance-expert--expert-en-assurance-qualit--especialista-em-garantia-de-qualidade-2\" class=\"required-field\" type=\"checkbox\" value=\"Quality Assurance Expert \/ Expert en Assurance Qualit\u00e9 \/ Especialista em Garantia de Qualidade\" \/>\nQuality Assurance Expert \/ Expert en Assurance Qualit\u00e9 \/ Especialista em Garantia de Qualidade<\/label>\n<label class=\"required-field\" for=\"pdb-type_of_contact-accreditation-expert--expert-en--especialista-em-reconhecimento-2\">\n<input name=\"type_of_contact[]\" id=\"pdb-type_of_contact-accreditation-expert--expert-en--especialista-em-reconhecimento-2\" class=\"required-field\" type=\"checkbox\" value=\"Accreditation Expert \/ Expert en \/ Especialista em Reconhecimento\" \/>\nAccreditation Expert \/ Expert en \/ Especialista em Reconhecimento<\/label>\n<label class=\"required-field\" for=\"pdb-type_of_contact-interested-in-quality-assurance-and-accreditation-but-not-an-expert--interess-en-qualit-assurance-et-en-accreditation--mais-nest-pas-un-expert--interessado-na-garantia-de-qualidade-e-reconhecimento--mas-no---especialista-2\">\n<input name=\"type_of_contact[]\" id=\"pdb-type_of_contact-interested-in-quality-assurance-and-accreditation-but-not-an-expert--interess-en-qualit-assurance-et-en-accreditation--mais-nest-pas-un-expert--interessado-na-garantia-de-qualidade-e-reconhecimento--mas-no---especialista-2\" class=\"required-field\" type=\"checkbox\" value=\"Interested in Quality Assurance and Accreditation (but not an expert) \/ Interess\u00e9 en Qualit\u00e9 Assurance et en Accreditation ( mais n\u2019est pas un expert) \/ Interessado na Garantia de Qualidade e Reconhecimento ( mas n\u00e3o  \u00e9 especialista)\" \/>\nInterested in Quality Assurance and Accreditation (but not an expert) \/ Interess\u00e9 en Qualit\u00e9 Assurance et en Accreditation ( mais n\u2019est pas un expert) \/ Interessado na Garantia de Qualidade e Reconhecimento ( mas n\u00e3o  \u00e9 especialista)<\/label>\n<label class=\"required-field\" for=\"pdb-type_of_contact-author-of-qa-materialsresources--auteur-des-documents--ressources-daq-2\">\n<input name=\"type_of_contact[]\" id=\"pdb-type_of_contact-author-of-qa-materialsresources--auteur-des-documents--ressources-daq-2\" class=\"required-field\" type=\"checkbox\" value=\"Author of QA materials\/resources \/ Auteur des documents \/ ressources d\u2019AQ\" \/>\nAuthor of QA materials\/resources \/ Auteur des documents \/ ressources d\u2019AQ<\/label>\n<label class=\"required-field\" for=\"pdb-type_of_contact-donor-for-qa-activities--donateur-pour-les-activits-daq-2\">\n<input name=\"type_of_contact[]\" id=\"pdb-type_of_contact-donor-for-qa-activities--donateur-pour-les-activits-daq-2\" class=\"required-field\" type=\"checkbox\" value=\"Donor for QA activities \/ Donateur pour les activit\u00e9s d\u2019AQ\" \/>\nDonor for QA activities \/ Donateur pour les activit\u00e9s d\u2019AQ<\/label>\n<label class=\"required-field\" for=\"pdb-type_of_contact-other--autre--outro-2\">\n<input name=\"type_of_contact[]\" id=\"pdb-type_of_contact-other--autre--outro-2\" class=\"required-field\" type=\"checkbox\" value=\"Other \/ Autre \/ Outro\" \/>\nOther \/ Autre \/ Outro<\/label>\n<\/fieldset><!-- .no-border --><\/div><!-- .checkbox-group -->\n<\/div>\n\n                        \n          <\/td>\n\n        <\/tr>\n  \n        \n        <tr class=\"multi-checkbox quality_assurance_initiatives_previously_or_currently_associate-input-group\">\n\n          <th for=\"pdb-quality_assurance_initiatives_previously_or_currently_associate-2\">Quality Assurance Initiatives (previously or currently associated with) \/ Initiatives d\u2019Assurance Qualit\u00e9 (associ\u00e9s auparavant ou actuellement)<\/th>\n\n          <td>\n\n            <div class=\"multicheckbox\">\n<input name=\"quality_assurance_initiatives_previously_or_currently_associate[]\" id=\"pdb-quality_assurance_initiatives_previously_or_currently_associate-2-default\" class=\"required-field\" type=\"hidden\" value=\"\" \/>\n<div class=\"checkbox-group\">\n<fieldset class=\"no-border\">\n<legend class=\"screen-reader-text\">Quality Assurance Initiatives (previously or currently associated with) \/ Initiatives d\u2019Assurance Qualit\u00e9 (associ\u00e9s auparavant ou actuellement)<\/legend>\n<label class=\"required-field\" for=\"pdb-quality_assurance_initiatives_previously_or_currently_associate-african-quality-rating-mechanism--mcanisme-de-cotation-africain-2\">\n<input name=\"quality_assurance_initiatives_previously_or_currently_associate[]\" id=\"pdb-quality_assurance_initiatives_previously_or_currently_associate-african-quality-rating-mechanism--mcanisme-de-cotation-africain-2\" class=\"required-field\" type=\"checkbox\" value=\"African Quality Rating Mechanism \/ M\u00e9canisme de cotation Africain\" \/>\nAfrican Quality Rating Mechanism \/ M\u00e9canisme de cotation Africain<\/label>\n<label class=\"required-field\" for=\"pdb-quality_assurance_initiatives_previously_or_currently_associate-haqaa-initiative--initiative-haqaa-2\">\n<input name=\"quality_assurance_initiatives_previously_or_currently_associate[]\" id=\"pdb-quality_assurance_initiatives_previously_or_currently_associate-haqaa-initiative--initiative-haqaa-2\" class=\"required-field\" type=\"checkbox\" value=\"HAQAA Initiative \/ Initiative HAQAA\" \/>\nHAQAA Initiative \/ Initiative HAQAA<\/label>\n<label class=\"required-field\" for=\"pdb-quality_assurance_initiatives_previously_or_currently_associate-pan-african-quality-assurance-framework--cadre-dassurance-2\">\n<input name=\"quality_assurance_initiatives_previously_or_currently_associate[]\" id=\"pdb-quality_assurance_initiatives_previously_or_currently_associate-pan-african-quality-assurance-framework--cadre-dassurance-2\" class=\"required-field\" type=\"checkbox\" value=\"PAN-African Quality Assurance Framework \/ Cadre d\u2019Assurance\" \/>\nPAN-African Quality Assurance Framework \/ Cadre d\u2019Assurance<\/label>\n<label class=\"required-field\" for=\"pdb-quality_assurance_initiatives_previously_or_currently_associate-quality-connect-2\">\n<input name=\"quality_assurance_initiatives_previously_or_currently_associate[]\" id=\"pdb-quality_assurance_initiatives_previously_or_currently_associate-quality-connect-2\" class=\"required-field\" type=\"checkbox\" value=\"Quality Connect\" \/>\nQuality Connect<\/label>\n<label class=\"required-field\" for=\"pdb-quality_assurance_initiatives_previously_or_currently_associate-tuning-africa-2\">\n<input name=\"quality_assurance_initiatives_previously_or_currently_associate[]\" id=\"pdb-quality_assurance_initiatives_previously_or_currently_associate-tuning-africa-2\" class=\"required-field\" type=\"checkbox\" value=\"Tuning Africa 2\" \/>\nTuning Africa 2<\/label>\n<label class=\"required-field\" for=\"pdb-quality_assurance_initiatives_previously_or_currently_associate-daad-dies-qa-project-westeast-africa---projet-dassurance-qualit-en-afrique-de-louest-ou-de-lest-initi-par-daad-dies-2\">\n<input name=\"quality_assurance_initiatives_previously_or_currently_associate[]\" id=\"pdb-quality_assurance_initiatives_previously_or_currently_associate-daad-dies-qa-project-westeast-africa---projet-dassurance-qualit-en-afrique-de-louest-ou-de-lest-initi-par-daad-dies-2\" class=\"required-field\" type=\"checkbox\" value=\"DAAD-DIES QA Project West\/East Africa  \/ Projet d\u2019Assurance Qualit\u00e9 en Afrique de l\u2019Ouest ou de l\u2019EST initi\u00e9 par DAAD-DIES\" \/>\nDAAD-DIES QA Project West\/East Africa  \/ Projet d\u2019Assurance Qualit\u00e9 en Afrique de l\u2019Ouest ou de l\u2019EST initi\u00e9 par DAAD-DIES<\/label>\n<label class=\"required-field\" for=\"pdb-quality_assurance_initiatives_previously_or_currently_associate-other--autres-2\">\n<input name=\"quality_assurance_initiatives_previously_or_currently_associate[]\" id=\"pdb-quality_assurance_initiatives_previously_or_currently_associate-other--autres-2\" class=\"required-field\" type=\"checkbox\" value=\"Other \/ Autres\" \/>\nOther \/ Autres<\/label>\n<\/fieldset><!-- .no-border --><\/div><!-- .checkbox-group -->\n<\/div>\n\n                        \n          <\/td>\n\n        <\/tr>\n  \n        \n        <tr class=\"text-line quality_assurance_initiatives_other-input-group\">\n\n          <th for=\"pdb-quality_assurance_initiatives_other-2\">Quality Assurance Initiatives (other) \/ Initiative de l\u2019Assurance Qualit\u00e9 (Autres) \/ Iniciativas da Garantia de Qualidade(outra)<\/th>\n\n          <td>\n\n            <input name=\"quality_assurance_initiatives_other\" id=\"pdb-quality_assurance_initiatives_other-2\" class=\" regular-text\" type=\"text\" value=\"\" \/>\n\n                        \n          <\/td>\n\n        <\/tr>\n  \n                \n        <\/tbody>\n\n      \n      <tbody class=\"field-group field-group-personal\">\n        \n                \n        \n        <tr class=\"image-upload photo-input-group\">\n\n          <th for=\"pdb-photo-2\">Photo \/ Retrato<\/th>\n\n          <td>\n\n            <div class=\"pdb-upload\">\n<input name=\"MAX_FILE_SIZE\" type=\"hidden\" value=\"4194304\" \/>\n\n<input name=\"photo\" type=\"hidden\" value=\"\" \/>\n\n<input name=\"photo\" id=\"pdb-photo-2\" type=\"file\" value=\"\" \/>\n<\/div>\n\n                        <span class=\"helptext\">Upload a photo of yourself. 300 pixels maximum width or height \/ T\u00e9l\u00e9charger une de vos photos. 300 pixels de largeur ou de hauteur maximale \/ Carregar  o seu retrato de 300 pixeis  de largura ou altura m\u00e1xima<\/span>\n                        \n          <\/td>\n\n        <\/tr>\n  \n        \n        <tr class=\"link website-input-group\">\n\n          <th for=\"pdb-website-2\">Website Link \/ Lien du Site Web \/ Liga\u00e7\u00e3o do S\u00edtio Web<\/th>\n\n          <td>\n\n            <div class=\"link-element\">\n<input name=\"website[]\" id=\"pdb-website-2-url\" placeholder=\"(URL)\" type=\"url\" value=\"\" \/>\n<input name=\"website[]\" id=\"pdb-website-2-text\" placeholder=\"Texte du lien\" type=\"text\" value=\"\" \/><\/div>\n\n                        <span class=\"helptext\">Your Institutions website address \/ L\u2019adresse du site Web de vos Institutions \/ O endere\u00e7o do s\u00edtio web  da sua Instituic\u00e3o<\/span>\n                        \n          <\/td>\n\n        <\/tr>\n  \n        \n        <tr class=\"file-upload cv-input-group\">\n\n          <th for=\"pdb-cv-2\">CV<\/th>\n\n          <td>\n\n            <div class=\"pdb-upload\">\n<input name=\"MAX_FILE_SIZE\" type=\"hidden\" value=\"4194304\" \/>\n\n<input name=\"cv\" type=\"hidden\" value=\"\" \/>\n\n<input name=\"cv\" id=\"pdb-cv-2\" type=\"file\" value=\"\" \/>\n<\/div>\n\n                        \n          <\/td>\n\n        <\/tr>\n  \n        \n        <tr class=\"text-area notes-input-group\">\n\n          <th for=\"pdb-notes-2\">Notes \/ Notas<\/th>\n\n          <td>\n\n            <textarea name=\"notes\" rows=\"2\" cols=\"40\" id=\"pdb-notes-2\"><\/textarea>\n\n                        \n          <\/td>\n\n        <\/tr>\n  \n        \n        <tr class=\"captcha confirm-input-group\">\n\n          <th for=\"pdb-confirm-2\">Confirm \/ Confirmez \/ Confirmar<\/th>\n\n          <td>\n\n            <input name=\"confirm[]\" type=\"hidden\" value=\"%7B%22type%22%3A%22math%22%2C%22nonce%22%3A%22%5Cu00117g%5Cu0014R%22%2C%22info%22%3A%7B%22a%22%3A1%2C%22o%22%3A%22%26times%3B%22%2C%22b%22%3A2%7D%7D\" \/>\n\n<span class=\"math-captcha\">1 <span class=\"pdb-operator\">&times;<\/span> 2 <span class=\"pdb-operator\">=<\/span> ?<\/span><input name=\"confirm[]\" type=\"text\" value=\"\" \/>\n\n\n                        \n          <\/td>\n\n        <\/tr>\n  \n        \n        <tr class=\"checkbox privacy_policy-input-group\">\n\n          <th for=\"pdb-privacy_policy-2\">Privacy Policy \/ Politique de confidentialit\u00e9<\/th>\n\n          <td>\n\n            <input name=\"privacy_policy\" id=\"pdb-privacy_policy-2-default\" class=\"required-field\" type=\"hidden\" value=\"\" \/>\n<input name=\"privacy_policy\" checked=\"checked\" id=\"pdb-privacy_policy-2\" class=\"required-field\" type=\"checkbox\" value=\"Yes\" \/>\n\n                        <span class=\"helptext\">Do you agree to our <a target=\"_blank\" href=\"https:\/\/www.aau.org\/haqaa\/privacy-policy\/\">Privacy Policy?<\/a><\/span>\n                        \n          <\/td>\n\n        <\/tr>\n  \n                \n        <\/tbody>\n\n            \n        <tbody class=\"field-group field-group-submit\">\n      \n        <tr>\n          <td class=\"submit-buttons\">\n            \n           <input name=\"submit_button\" class=\"button-primary pdb-submit\" type=\"submit\" value=\"Sign Up\" \/>\n            \n          <\/td>\n          <td class=\"submit-buttons\">\n            \n                      \n          <\/td>\n        <\/tr>\n        \n      <\/tbody>\n      \n    <\/table>\n    \n  <\/form>  \n<\/div>\n","protected":false},"excerpt":{"rendered":"<p>L&rsquo;Initiative HAQAA est en train de cr\u00e9er\u00a0 une base de donn\u00e9es afin de recueillir des informations sur les diff\u00e9rents experts en Assurance Qualit\u00e9 et ceux int\u00e9ress\u00e9s par l&rsquo;AQ en Afrique et au-del\u00e0. Cette base de donn\u00e9es sera aliment\u00e9 par les r\u00e9seaux et bases de donn\u00e9es existantes &#8211; par exemple ceux qui ont une expertise dans l\u2019Assurance Qualit\u00e9 et ceux qui &#8230; <\/p>\n<div><a href=\"https:\/\/haqaa.aau.org\/fr\/base-de-donnees-de-laq\/\" class=\"more-link\">Read More<\/a><\/div>\n","protected":false},"author":1,"featured_media":0,"parent":0,"menu_order":0,"comment_status":"closed","ping_status":"closed","template":"template-layout-full-width.php","meta":{"footnotes":""},"class_list":["post-453","page","type-page","status-publish","hentry","no-post-thumbnail"],"_links":{"self":[{"href":"https:\/\/haqaa.aau.org\/fr\/wp-json\/wp\/v2\/pages\/453","targetHints":{"allow":["GET"]}}],"collection":[{"href":"https:\/\/haqaa.aau.org\/fr\/wp-json\/wp\/v2\/pages"}],"about":[{"href":"https:\/\/haqaa.aau.org\/fr\/wp-json\/wp\/v2\/types\/page"}],"author":[{"embeddable":true,"href":"https:\/\/haqaa.aau.org\/fr\/wp-json\/wp\/v2\/users\/1"}],"replies":[{"embeddable":true,"href":"https:\/\/haqaa.aau.org\/fr\/wp-json\/wp\/v2\/comments?post=453"}],"version-history":[{"count":2,"href":"https:\/\/haqaa.aau.org\/fr\/wp-json\/wp\/v2\/pages\/453\/revisions"}],"predecessor-version":[{"id":456,"href":"https:\/\/haqaa.aau.org\/fr\/wp-json\/wp\/v2\/pages\/453\/revisions\/456"}],"wp:attachment":[{"href":"https:\/\/haqaa.aau.org\/fr\/wp-json\/wp\/v2\/media?parent=453"}],"curies":[{"name":"wp","href":"https:\/\/api.w.org\/{rel}","templated":true}]}}