{"id":462,"date":"2016-08-11T13:12:13","date_gmt":"2016-08-11T13:12:13","guid":{"rendered":"http:\/\/www.aau.org\/haqaa\/fr\/gouvernance\/"},"modified":"2017-12-19T10:40:51","modified_gmt":"2017-12-19T10:40:51","slug":"gouvernance","status":"publish","type":"page","link":"https:\/\/haqaa.aau.org\/fr\/a-propos\/gouvernance\/","title":{"rendered":"Gouvernance"},"content":{"rendered":"<h5>\u00a0\u00a0\u00a0\u00a0\u00a0\u00a0\u00a0\u00a0\u00a0 Equipe de Supervision de la Commission Europ\u00e9enne et de la Commission de l&rsquo;Union Africaine<\/h5>\n<ul>\n<li>Mlle. Deirdre LENNAN,\u00a0 Commission Europ\u00e9enne, Direction G\u00e9n\u00e9rale de l&rsquo;\u00e9ducation et de la Culture, Belgique<\/li>\n<li>Dr. Yohannes <strong>WOLDETENSAE<\/strong>, Division de l&rsquo;\u00e9ducation, Commission de l&rsquo;Union Africaine , Ethiopie<\/li>\n<li>Dr. Beatrice NJENGA, Responsable de la Division de l&rsquo;\u00e9ducation, Commission de l&rsquo;Union Africaine, Ethiopie<\/li>\n<\/ul>\n<h5>\u00a0 \u00a0 \u00a0\u00a0 Conseil Consultatif<\/h5>\n<ul>\n<li>Dr. Tariq <strong>ALSINDI<\/strong>, Secr\u00e9taire G\u00e9n\u00e9ral du R\u00e9seau Arabe pour l&rsquo;Assurance Qualit\u00e9 dans L&rsquo;Enseignement Superieur (ANQAHE), Bahrain<\/li>\n<li>Pr. Narend <strong>BAIJNATH<\/strong>, Chief Executive Officer, Council for Higher Education<br \/>\n(CHE), Afrique du Sud<\/li>\n<li>Pr. Papa GUEYE, Secr\u00e9taire g\u00e9n\u00e9ral, Autorit\u00e9 national d&rsquo;assurance qualit\u00e9 de<br \/>\nl&rsquo;enseignement sup\u00e9rieur (ANAQ-Sup), S\u00e9n\u00e9gal<\/li>\n<li>Piyushi <strong>KOTECHA<\/strong>, Directeur G\u00e9n\u00e9ral, Association des Universit\u00e9s Regionales de l&rsquo;Afrique Australe<br \/>\n(SARUA), Afrique du Sud<\/li>\n<li>Pr. Alexander L <strong>YAMB AB AJE<\/strong>, Secr\u00e9taire g\u00e9n\u00e9ral du Conseil Interuniversitaire d&rsquo;Afrique de l&rsquo;Est<br \/>\n(IUCEA), Uganda<\/li>\n<li>Pr. Chiedu Felix <strong>MAFIANA<\/strong>, Pr\u00e9sident\u00a0 du R\u00e9seau africain pour l&rsquo;Assurance qualit\u00e9<br \/>\n(AfriQAN), Commission nationale d&rsquo;Universit\u00e9, Nigeria<\/li>\n<li>Pr. Bertrand <strong>MBATCHI<\/strong>, Secr\u00e9taire g\u00e9n\u00e9ral, Conseil Africain et Malgache pour<br \/>\nl&rsquo;Enseignement Sup\u00e9rieur (CAMES), Burkina Faso<\/li>\n<li>Pr. Ana Maria <strong>NHAMPULE<\/strong>, Pr\u00e9sident du Conseil National de la Mozambique pour l&rsquo;Assurance Qualit\u00e9 dans l&rsquo;Enseignement Sup\u00e9rieur<br \/>\n(CNAQ), Mozambique<\/li>\n<li>Pr. Is-haq<strong> OLOYEDE, <\/strong>Secr\u00e9taire g\u00e9n\u00e9ral, Association des Universit\u00e9s de l&rsquo;Afrique de l&rsquo;Ouest<br \/>\n(AWAU), Nigeria<\/li>\n<li>Pr. Sultan T.<strong> ABU-ORABI, <\/strong>Secr\u00e9taire g\u00e9n\u00e9ral, Association des Universit\u00e9s Arabes<br \/>\n(AArU), Jordan<\/li>\n<li>Dr. Achim<strong> Hopbach,\u00a0<\/strong>Directeur de l&rsquo;agence d&rsquo;Assurance qualit\u00e9 et d&rsquo;Accreditation d&rsquo;Australie (AQ Austria)<\/li>\n<\/ul>\n<h5>\u00a0Groupe de Travail Technique pour le d\u00e9v\u00e9lopement des normes et lignes directrices pour l&rsquo;Assurance Qualit\u00e9 en Afrique:<\/h5>\n<ul>\n<li>Dr. Nadia <strong>Badrawi<\/strong>, Fondateur et ancien pr\u00e9sident du R\u00e9seau Arabe pour l&rsquo;Assurance Qualit\u00e9 dans L&rsquo;Enseignement Superieur (ANQAHE), Membre du Conseil Autorit\u00e9 national d&rsquo;assurance qualit\u00e9 de l&rsquo;enseignement sup\u00e9rieur , Egypt.<\/li>\n<li>Dr. Noel Biodun <strong>Saliu<\/strong>, Directeur, Assurance Qualit\u00e9, Commission National des Univerist\u00e9s (NUC), Nigeria<\/li>\n<li>Mme. Caty <strong>Duykaerts<\/strong>, Directeur de l&rsquo;agence d&rsquo;Assurance Qualit\u00e9 AEQES pour les francophones Belgique, Vice-Pr\u00e9sident de l&rsquo;Association Europ\u00e9enne d&rsquo;Assurance Qualit\u00e9 dans l&rsquo;Enseignement Sup\u00e9rieur (ENQA)<\/li>\n<li>Pr. Abdel Karim <strong>Koumar\u00e9<\/strong>, Professeur, Universit\u00e9 de Bamako, Mali, Chef du Service de Chirugie B (Institut Africain de Formation en P\u00e9dagogie, Recherche et Evaluation en Sant\u00e9 (IAFPRESS)<\/li>\n<li>Dr. Rispa <strong>Odongo<\/strong>, Expert en assurance qualit\u00e9, vaste exp\u00e9rience de travail\u00a0\u00e0 la Commission de l&rsquo;enseignement universitaire, Kenya<\/li>\n<li>Mr. Mocks <strong>Shivute<\/strong>, Directeur ex\u00e9cutif\u00a0 du Conseil National de l&rsquo;Enseignement Sup\u00e9rieur de la Namibie<\/li>\n<\/ul>\n","protected":false},"excerpt":{"rendered":"<p>\u00a0\u00a0\u00a0\u00a0\u00a0\u00a0\u00a0\u00a0\u00a0 Equipe de Supervision de la Commission Europ\u00e9enne et de la Commission de l&rsquo;Union Africaine Mlle. Deirdre LENNAN,\u00a0 Commission Europ\u00e9enne, Direction G\u00e9n\u00e9rale de l&rsquo;\u00e9ducation et de la Culture, Belgique Dr. Yohannes WOLDETENSAE, Division de l&rsquo;\u00e9ducation, Commission de l&rsquo;Union Africaine , Ethiopie Dr. Beatrice NJENGA, Responsable de la Division de l&rsquo;\u00e9ducation, Commission de l&rsquo;Union Africaine, Ethiopie \u00a0 \u00a0 \u00a0\u00a0 Conseil Consultatif &#8230; <\/p>\n<div><a href=\"https:\/\/haqaa.aau.org\/fr\/a-propos\/gouvernance\/\" class=\"more-link\">Read More<\/a><\/div>\n","protected":false},"author":1,"featured_media":0,"parent":471,"menu_order":0,"comment_status":"closed","ping_status":"closed","template":"template-layout-full-width.php","meta":{"footnotes":""},"class_list":["post-462","page","type-page","status-publish","hentry","no-post-thumbnail"],"_links":{"self":[{"href":"https:\/\/haqaa.aau.org\/fr\/wp-json\/wp\/v2\/pages\/462","targetHints":{"allow":["GET"]}}],"collection":[{"href":"https:\/\/haqaa.aau.org\/fr\/wp-json\/wp\/v2\/pages"}],"about":[{"href":"https:\/\/haqaa.aau.org\/fr\/wp-json\/wp\/v2\/types\/page"}],"author":[{"embeddable":true,"href":"https:\/\/haqaa.aau.org\/fr\/wp-json\/wp\/v2\/users\/1"}],"replies":[{"embeddable":true,"href":"https:\/\/haqaa.aau.org\/fr\/wp-json\/wp\/v2\/comments?post=462"}],"version-history":[{"count":4,"href":"https:\/\/haqaa.aau.org\/fr\/wp-json\/wp\/v2\/pages\/462\/revisions"}],"predecessor-version":[{"id":1273,"href":"https:\/\/haqaa.aau.org\/fr\/wp-json\/wp\/v2\/pages\/462\/revisions\/1273"}],"up":[{"embeddable":true,"href":"https:\/\/haqaa.aau.org\/fr\/wp-json\/wp\/v2\/pages\/471"}],"wp:attachment":[{"href":"https:\/\/haqaa.aau.org\/fr\/wp-json\/wp\/v2\/media?parent=462"}],"curies":[{"name":"wp","href":"https:\/\/api.w.org\/{rel}","templated":true}]}}