{"id":466,"date":"2016-08-17T14:42:50","date_gmt":"2016-08-17T14:42:50","guid":{"rendered":"http:\/\/www.aau.org\/haqaa\/fr\/activites\/"},"modified":"2017-01-30T09:16:30","modified_gmt":"2017-01-30T09:16:30","slug":"activites","status":"publish","type":"page","link":"https:\/\/haqaa.aau.org\/fr\/activites\/","title":{"rendered":"Activit\u00e9s"},"content":{"rendered":"<h5>Veuillez trouver ci-dessous la description des activit\u00e9s:<\/h5>\n<p><strong>Phase 1:\u00a0 Le d\u00e9veloppement d\u2019une compr\u00e9hension commune de l\u2019AQ en Afrique (Janvier 2016-Juin 2017).<\/strong><strong>\u00a0<\/strong><\/p>\n<ol>\n<li><a href=\"https:\/\/www.aau.org\/haqaa\/fr\/appel-a-candidatures-pour-une-formation-sur-lassurance-qualite-developper-une-comprehension-commune-pour-lassurance-qualite-en-afrique\/\">Two (2) Training Courses for a \u201ccommon QA language\u201d, targeting key African QA stakeholders and disseminators\/ Deux (2) Cours de formation pour \u00ab\u00a0un langage commun pour l\u2019AQ\u00a0\u00bb ciblant \u00a0les intervenants cl\u00e9s et diss\u00e9minateurs de l\u2019AQ en Afrique<\/a><\/li>\n<li>\u00a0Mise en place de la plateforme d&rsquo;AQ africaine en ligne<\/li>\n<li>La consolidation d\u2019un <span style=\"text-decoration: underline;\">r\u00e9seau d\u2019experts<\/span> sur l\u2019AQ en Afrique, le renforcement des acteurs cl\u00e9s et intervenants, et le rassemblement des r\u00e9seaux d\u2019experts \/base de donn\u00e9es d\u2019AQ qui sont d\u00e9j\u00e0 sur le point de disparaitre<\/li>\n<li>Le rapport de cartographie sur les \u2018normes et lignes directrices \u2019 d\u2019AQ actuelles\/disponibles en Afrique (au niveau national, de l\u2019Afrique de l\u2019Est et de l\u2019Ouest).<\/li>\n<\/ol>\n<p>&nbsp;<\/p>\n<p><strong>Phase 2: En voie d\u2019un syst\u00e8me d\u2019Assurance Qualit\u00e9 et d\u2019Accr\u00e9ditation Panafricain: D\u00e9veloppement des normes et lignes directives africaines pour l\u2019Assurance Qualit\u00e9 (ASG) et renforcement de l\u2019assurance qualit\u00e9 institutionnelle \u2018interne\u2019 (Juin 2016-Juin 2016)<br \/>\n<\/strong><\/p>\n<ol>\n<li>Le groupe de travail technique en collaboration avec le comit\u00e9 consultatif doivent d\u00e9velopper les normes et lignes directives africaines pour l\u2019Assurance Qualit\u00e9 (ASG).La<\/li>\n<li>Consultation en ligne pour les ASG<\/li>\n<li>\u00a0Un atelier d\u2019approbation continentale.<\/li>\n<li>Atelier (s) de formation sur l\u2019auto-\u00e9valuation institutionnelle, enracin\u00e9 en ASG<\/li>\n<\/ol>\n<p>&nbsp;<\/p>\n<p><strong>Phase 3: Consolidation de la \u00a0\u00bb culture de qualit\u00e9 \u00a0\u00bb en Afrique ( F\u00e9vrier 2017- Avril 2018<\/strong>)<strong>\u00a0<\/strong><\/p>\n<ol>\n<li>Les visites pour s\u00e9lectionner les agences\/organes d&rsquo;AQ en Afrique, promouvoir l\u2019adoption et l\u2019essaie des ASG \u2013 \u2018Visites des experts\u2019 and \u2018Examen d&rsquo;organismes\u2019<\/li>\n<li>\u00a0Atelier de d\u00e9velopemnt du personel des agences d&rsquo;AQ<\/li>\n<li>Soutien institutionnel de la qualit\u00e9 de la culture par le bais des \u00e9valuations de \u2018QA Connect\u2019\u00a0 (6)<\/li>\n<li>\u00a0Promouvoir le\u00a0 M\u00e9canisme <span class=\"sel\">africain<\/span> de mesure de la qualit\u00e9 comme un outil pour l&rsquo;auto-\u00e9valuation<\/li>\n<\/ol>\n<p>&nbsp;<\/p>\n<p><strong>Phase 4: La durabilit\u00e9 et la poursuite du d\u00e9veloppement du syst\u00e8me d\u2019Assurance Qualit\u00e9 et d\u2019accr\u00e9ditation \u00a0panafricain (F\u00e9vrier 2018-Septembre 2018).<\/strong><strong>\u00a0<\/strong><\/p>\n<ol>\n<li>\u00a0Approbation du mod\u00e8le d&rsquo;examen externe pour les agences d&rsquo;AQ en Afrique (propos\u00e9 par le Groupe de travail technique)<\/li>\n<li>Conference R\u00e9gionale , le Forum d&rsquo;Assurance Qualit\u00e9 en Afrique\u00a0 \u2018AQAF\u2019 \u00e0 redevenir un forum continental\u00a0annuel<\/li>\n<li>La Consolidation de la plate-forme \/ base de donn\u00e9es d\u2019AQ africain et le Centre de d\u00e9veloppement des capacit\u00e9s comme les outils continentaux et structures principaux.<\/li>\n<\/ol>\n","protected":false},"excerpt":{"rendered":"<p>Veuillez trouver ci-dessous la description des activit\u00e9s: Phase 1:\u00a0 Le d\u00e9veloppement d\u2019une compr\u00e9hension commune de l\u2019AQ en Afrique (Janvier 2016-Juin 2017).\u00a0 Two (2) Training Courses for a \u201ccommon QA language\u201d, targeting key African QA stakeholders and disseminators\/ Deux (2) Cours de formation pour \u00ab\u00a0un langage commun pour l\u2019AQ\u00a0\u00bb ciblant \u00a0les intervenants cl\u00e9s et diss\u00e9minateurs de l\u2019AQ en Afrique \u00a0Mise en &#8230; <\/p>\n<div><a href=\"https:\/\/haqaa.aau.org\/fr\/activites\/\" class=\"more-link\">Read More<\/a><\/div>\n","protected":false},"author":1,"featured_media":0,"parent":0,"menu_order":0,"comment_status":"closed","ping_status":"closed","template":"template-layout-full-width.php","meta":{"footnotes":""},"class_list":["post-466","page","type-page","status-publish","hentry","no-post-thumbnail"],"_links":{"self":[{"href":"https:\/\/haqaa.aau.org\/fr\/wp-json\/wp\/v2\/pages\/466","targetHints":{"allow":["GET"]}}],"collection":[{"href":"https:\/\/haqaa.aau.org\/fr\/wp-json\/wp\/v2\/pages"}],"about":[{"href":"https:\/\/haqaa.aau.org\/fr\/wp-json\/wp\/v2\/types\/page"}],"author":[{"embeddable":true,"href":"https:\/\/haqaa.aau.org\/fr\/wp-json\/wp\/v2\/users\/1"}],"replies":[{"embeddable":true,"href":"https:\/\/haqaa.aau.org\/fr\/wp-json\/wp\/v2\/comments?post=466"}],"version-history":[{"count":4,"href":"https:\/\/haqaa.aau.org\/fr\/wp-json\/wp\/v2\/pages\/466\/revisions"}],"predecessor-version":[{"id":912,"href":"https:\/\/haqaa.aau.org\/fr\/wp-json\/wp\/v2\/pages\/466\/revisions\/912"}],"wp:attachment":[{"href":"https:\/\/haqaa.aau.org\/fr\/wp-json\/wp\/v2\/media?parent=466"}],"curies":[{"name":"wp","href":"https:\/\/api.w.org\/{rel}","templated":true}]}}