{"id":469,"date":"2016-08-18T15:33:52","date_gmt":"2016-08-18T15:33:52","guid":{"rendered":"http:\/\/www.aau.org\/haqaa\/fr\/ressources\/"},"modified":"2017-03-09T14:41:15","modified_gmt":"2017-03-09T14:41:15","slug":"ressources","status":"publish","type":"page","link":"https:\/\/haqaa.aau.org\/fr\/ressources\/","title":{"rendered":"Ressources"},"content":{"rendered":"<p>Information du Site Web:<\/p>\n<p><a href=\"https:\/\/www.aau.org\/haqaa\/wp-content\/uploads\/2017\/01\/Guide-de-lutilisateur-du-Site-Web-de-l\u2019initiative-HAQAA_2.pdf\">Guide de l&rsquo;utilisateur du Site Web de l\u2019initiative HAQAA<\/a><\/p>\n<p>&nbsp;<\/p>\n<p>L&rsquo;Initiative HAQAA regroupe les publications de recherche d&rsquo;assurance qualit\u00e9 et documents d&rsquo;int\u00e9r\u00eat pour la communaut\u00e9 Assurance Qualit\u00e9 africaine suivants:<\/p>\n<p>Pri\u00e8re de noter que les publications et documents sont en Anglais<\/p>\n<ol>\n<li><a href=\"\/haqaa?page_id=173\" rel=\"attachment wp-att-173\">African Union Assembly Decisions Final Document<\/a><\/li>\n<li><a href=\"\/haqaa?page_id=174\" rel=\"attachment wp-att-174\">Comparing Quality Assurance in Africa and Europe<\/a><\/li>\n<li><a href=\"\/haqaa?page_id=175\" rel=\"attachment wp-att-175\">Developing A Pan-African Quality Assurance And Accreditation Framework_Draft 2014<\/a><\/li>\n<\/ol>\n<p>Articles et documents:<\/p>\n<p><a href=\"https:\/\/www.insidehighered.com\/blogs\/world-view\/quality-africa-new-initiatives?utm_source=Inside+Higher+Ed&amp;utm_campaign=c4453f2951-DNU20160516&amp;utm_medium=email&amp;utm_term=0_1fcbc04421-c4453f2951-197324849#.Vz2wqq7Xtas.mailto\">Quality in Africa: New Initiatives &#8211;\u00a0By\u00a0Goolam Mohamedbhai<\/a><\/p>\n<p><a href=\"https:\/\/www.enqa.eu\/index.php\/events\/6th-enqa-members-forum-28-29-april-2016-budapest-hungary-2\/\">Key note presentation at the ENQA Members\u2019 Forum in Budapest in April 2016 by\u00a0Professor Goolam<\/a><\/p>\n<p><a href=\"https:\/\/www.anqahe.org\/uploads\/7\/3\/3\/4\/73345067\/qache_toolkit_web.pdf\">Cooperation in Cross-Border Higher Education: A Tool Kit for QA Agencies (Results of Erasmus Mundus project)<\/a><\/p>\n<p><a href=\"https:\/\/udg.theagoraonline.net\/comparte\">https:\/\/udg.theagoraonline.net\/comparte<\/a><\/p>\n<p><a href=\"https:\/\/udg.theagoraonline.net\/\">https:\/\/udg.theagoraonline.net\/<\/a><\/p>\n<p><a href=\"https:\/\/drive.google.com\/open?id=0B1k4sy1FlQK3ekRVRlA1cnZnX05GNzhLTEZGQUJrRnRkdTFF\">https:\/\/drive.google.com\/open?id=0B1k4sy1FlQK3ekRVRlA1cnZnX05GNzhLTEZGQUJrRnRkdTFF<\/a><\/p>\n<p><a href=\"https:\/\/drive.google.com\/open?id=0B1k4sy1FlQK3M1ROeF9jMUdvR2RJc3dibG5nVTE5TVlQY25Z\">https:\/\/drive.google.com\/open?id=0B1k4sy1FlQK3M1ROeF9jMUdvR2RJc3dibG5nVTE5TVlQY25Z<\/a><\/p>\n<p><a href=\"https:\/\/bit.ly\/qualland\">https:\/\/bit.ly\/qualland<\/a><\/p>\n<p><a href=\"https:\/\/emergeafrica.net\/live\/events\/workshop-quality-assuring-online-learning\">https:\/\/emergeafrica.net\/live\/events\/workshop-quality-assuring-online-learning<\/a><\/p>\n<p><a href=\"https:\/\/emergeafrica.net\/live\/emergeforums\/forum\/quality-assuring-online\">https:\/\/emergeafrica.net\/live\/emergeforums\/forum\/quality-assuring-online<\/a><\/p>\n<p><a href=\"https:\/\/emergeafrica.net\/live\/emergeforums\/forum\/quality-assuring-online\">https:\/\/emergeafrica.net\/live\/emergeforums\/forum\/quality-assuring-online<\/a><\/p>\n<p><a href=\"https:\/\/bit.ly\/qualland\">https:\/\/bit.ly\/qualland<\/a><\/p>\n<p><a href=\"https:\/\/pcf8forum.col.org\/t\/week-2-challenges-issues-when-innovating\/557\/40\">https:\/\/pcf8forum.col.org\/t\/week-2-challenges-issues-when-innovating\/557\/40<\/a><\/p>\n<p><a href=\"https:\/\/pcf8forum.col.org\/t\/about-the-technology-and-innovation-aug-15-to-sep-15-category\/15\/21\">https:\/\/pcf8forum.col.org\/t\/about-the-technology-and-innovation-aug-15-to-sep-15-category\/15\/21<\/a><\/p>\n<p>&nbsp;<\/p>\n<p><strong>Modules de cours de formation DAAD:<\/strong><\/p>\n<p><a href=\"https:\/\/duepublico.uni-duisburg-essen.de\/servlets\/DocumentServlet?id=43221\">https:\/\/duepublico.uni-duisburg-essen.de\/servlets\/DocumentServlet?id=43221<\/a><\/p>\n<p>Modul 1<\/p>\n<p><a href=\"https:\/\/duepublico.uni-duisburg-essen.de\/servlets\/DocumentServlet?id=43409\">https:\/\/duepublico.uni-duisburg-essen.de\/servlets\/DocumentServlet?id=43409<\/a><\/p>\n<p>Modul 2<\/p>\n<p><a href=\"https:\/\/duepublico.uni-duisburg-essen.de\/servlets\/DocumentServlet?id=43410\">https:\/\/duepublico.uni-duisburg-essen.de\/servlets\/DocumentServlet?id=43410<\/a><\/p>\n<p>Modul 3<\/p>\n<p><a href=\"https:\/\/duepublico.uni-duisburg-essen.de\/servlets\/DocumentServlet?id=43411\">https:\/\/duepublico.uni-duisburg-essen.de\/servlets\/DocumentServlet?id=43411<\/a><\/p>\n<p>Modul 4<\/p>\n<p><a href=\"https:\/\/duepublico.uni-duisburg-essen.de\/servlets\/DocumentServlet?id=43412\">https:\/\/duepublico.uni-duisburg-essen.de\/servlets\/DocumentServlet?id=43412<\/a><\/p>\n<p>Modul 5<\/p>\n<p><a href=\"https:\/\/duepublico.uni-duisburg-essen.de\/servlets\/DocumentServlet?id=43413\">https:\/\/duepublico.uni-duisburg-essen.de\/servlets\/DocumentServlet?id=43413<\/a><\/p>\n","protected":false},"excerpt":{"rendered":"<p>Information du Site Web: Guide de l&rsquo;utilisateur du Site Web de l\u2019initiative HAQAA &nbsp; L&rsquo;Initiative HAQAA regroupe les publications de recherche d&rsquo;assurance qualit\u00e9 et documents d&rsquo;int\u00e9r\u00eat pour la communaut\u00e9 Assurance Qualit\u00e9 africaine suivants: Pri\u00e8re de noter que les publications et documents sont en Anglais African Union Assembly Decisions Final Document Comparing Quality Assurance in Africa and Europe Developing A Pan-African &#8230; <\/p>\n<div><a href=\"https:\/\/haqaa.aau.org\/fr\/ressources\/\" class=\"more-link\">Read More<\/a><\/div>\n","protected":false},"author":1,"featured_media":0,"parent":0,"menu_order":0,"comment_status":"closed","ping_status":"closed","template":"","meta":{"footnotes":""},"class_list":["post-469","page","type-page","status-publish","hentry","no-post-thumbnail"],"_links":{"self":[{"href":"https:\/\/haqaa.aau.org\/fr\/wp-json\/wp\/v2\/pages\/469","targetHints":{"allow":["GET"]}}],"collection":[{"href":"https:\/\/haqaa.aau.org\/fr\/wp-json\/wp\/v2\/pages"}],"about":[{"href":"https:\/\/haqaa.aau.org\/fr\/wp-json\/wp\/v2\/types\/page"}],"author":[{"embeddable":true,"href":"https:\/\/haqaa.aau.org\/fr\/wp-json\/wp\/v2\/users\/1"}],"replies":[{"embeddable":true,"href":"https:\/\/haqaa.aau.org\/fr\/wp-json\/wp\/v2\/comments?post=469"}],"version-history":[{"count":6,"href":"https:\/\/haqaa.aau.org\/fr\/wp-json\/wp\/v2\/pages\/469\/revisions"}],"predecessor-version":[{"id":1003,"href":"https:\/\/haqaa.aau.org\/fr\/wp-json\/wp\/v2\/pages\/469\/revisions\/1003"}],"wp:attachment":[{"href":"https:\/\/haqaa.aau.org\/fr\/wp-json\/wp\/v2\/media?parent=469"}],"curies":[{"name":"wp","href":"https:\/\/api.w.org\/{rel}","templated":true}]}}