{"id":565,"date":"2016-10-19T12:53:07","date_gmt":"2016-10-19T12:53:07","guid":{"rendered":"http:\/\/www.aau.org\/haqaa\/fr\/?page_id=565"},"modified":"2017-01-27T16:36:34","modified_gmt":"2017-01-27T16:36:34","slug":"accueil","status":"publish","type":"page","link":"https:\/\/haqaa.aau.org\/fr\/","title":{"rendered":"Accueil"},"content":{"rendered":"<div id=\"x-section-1\" class=\"x-section\" style=\"margin: 0px 0px 0px 0px; padding: 45px 0px 45px 0px;  background-color: transparent;\" ><div id=\"\" class=\"x-container\" style=\"margin: 0px auto 0px auto; padding: 0px 0px 0px 0px; \" ><div  class=\"x-column x-sm x-1-1\" style=\"padding: 0px 0px 0px 0px; \" ><h1  class=\"h-custom-headline center-text  h2 accent\" ><span>\u00c0 propos de l&rsquo;Initiative HAQAA<\/span><\/h1><div id=\"\" class=\"x-text center-text\" style=\"\" ><p>L&rsquo;Initiative HAQAA, financ\u00e9e par l&rsquo;Union europ\u00e9enne en partenariat avec l&rsquo;Union africaine, a \u00e9t\u00e9 mise en place pour soutenir le d\u00e9veloppement d&rsquo;un syst\u00e8me d&rsquo;assurance qualit\u00e9 et d&rsquo;accr\u00e9ditation harmonis\u00e9 aux niveaux institutionnel, national, r\u00e9gional et au niveau continental panafricain. L&rsquo;initiative est actuellement mise en \u0153uvre par un consortium compos\u00e9 de l&rsquo;Universit\u00e9 de Barcelone (coordinateur), l&rsquo;Association des Universit\u00e9s Africaines (AUA), l&rsquo;Association Europ\u00e9enne des Universit\u00e9s (EUA), l&rsquo;Association Europ\u00e9enne pour l&rsquo;Assurance Qualit\u00e9 dans l&rsquo;Enseignement Sup\u00e9rieur (ENQA) et la German \u00a0Academic Exchange service (DAAD). Les activit\u00e9s ont d\u00e9j\u00e0 commenc\u00e9 et engageront d&rsquo;importantes organisations africaines, r\u00e9gionales et nationales ainsi que des r\u00e9seaux actifs dans le domaine.<\/p>\n<\/div><hr  class=\"x-hr\" ><\/div><\/div><\/div>\n<div id=\"x-section-2\" class=\"x-section\" style=\"margin: 0px 0px 0px 0px; padding: 45px 0px 45px 0px;  background-color: transparent;\" ><div id=\"\" class=\"x-container\" style=\"margin: 0px auto 0px auto; padding: 0px 0px 0px 0px; \" >\n<div  class=\"x-column x-sm x-1-3\" style=\"padding: 0px 0px 0px 0px; \" ><div  class=\"x-card-outer flip-from-left center-vertically\" data-x-element=\"classic_card\"><div class=\"x-card-inner\"><div class=\"x-face-outer front\" style=\"border-width: 8px 8px 8px 8px; border-style: double; border-color: #2772a4; color: #ffffff; background-color: #3498db;\"><div class=\"x-face-inner\"><div class=\"x-face-content\" style=\"padding: 10% 10% 10% 10%;\"><div class=\"x-face-graphic\"><i style=\"margin: 0; font-size: 36px; color: #ffffff;\" class=\"x-icon-book\" data-x-icon-s=\"&#xf02d;\"><\/i><\/div><h4 class=\"x-face-title\">Appel de r\u00e9sum\u00e9s<\/h4><p class=\"x-face-text\">L'AUA invite les auteurs \u00e0 soumettre des communications sur le th\u00e8me et les sous-th\u00e8mes de la conf\u00e9rence g\u00e9n\u00e9rale<\/p><\/div><\/div><\/div><div class=\"x-face-outer back\" style=\"border-width: 8px 8px 8px 8px; border-style: solid; border-color: #59d600; color: #000000; background-color: #81d742;\"><div class=\"x-face-inner\"><div class=\"x-face-content\" style=\"padding: 10% 10% 10% 10%;\"><h4 class=\"x-face-title\">Cours de formation de l'Initiative HAQAA<\/h4><p class=\"x-face-text\">Cliquez ici pour en savoir plus sur cet appel \u00e0 communications<\/p><a class=\"x-face-button\" style=\"color: #6b6b6b; background-color: #97d66b;\" href=\"https:\/\/www.aau.org\/appgencon\/\">Allons-y!<\/a><\/div><\/div><\/div><\/div><\/div><\/div>\n<div  class=\"x-column x-sm x-1-3\" style=\"padding: 0px 0px 0px 0px; \" ><div  class=\"x-card-outer flip-from-top center-vertically\" data-x-element=\"classic_card\"><div class=\"x-card-inner\"><div class=\"x-face-outer front\" style=\"border-width: 8px 8px 8px 8px; border-style: double; border-color: #2772a4; color: #ffffff; background-color: #3498db;\"><div class=\"x-face-inner\"><div class=\"x-face-content\" style=\"padding: 10% 10% 10% 10%;\"><div class=\"x-face-graphic\"><i style=\"margin: 0; font-size: 36px; color: #ffffff;\" class=\"x-icon-database\" data-x-icon-s=\"&#xf1c0;\"><\/i><\/div><h4 class=\"x-face-title\">Rejoignez notre base de donn\u00e9es AQ<\/h4><p class=\"x-face-text\">L'initiative HAQAA a mis en place une base de donn\u00e9es sur l'assurance qualit\u00e9 pour toutes les personnes d\u2019assurance qualit\u00e9 <\/p><\/div><\/div><\/div><div class=\"x-face-outer back\" style=\"border-width: 8px 8px 8px 8px; border-style: solid; border-color: #59d600; color: #ffffff; background-color: #81d742;\"><div class=\"x-face-inner\"><div class=\"x-face-content\" style=\"padding: 10% 10% 10% 10%;\"><h4 class=\"x-face-title\">Base de donn\u00e9es AQ<\/h4><p class=\"x-face-text\">Cliquez ici pour remplir le formulaire d'inscription pour rejoindre la base de donn\u00e9es sur l'assurance qualit\u00e9<\/p><a class=\"x-face-button\" style=\"color: #000000; background-color: #a0d67a;\" href=\"#\">Rejoignez-nous!<\/a><\/div><\/div><\/div><\/div><\/div><\/div>\n<div  class=\"x-column x-sm x-1-3\" style=\"padding: 0px 0px 0px 0px; \" ><div  class=\"x-card-outer flip-from-right center-vertically\" data-x-element=\"classic_card\"><div class=\"x-card-inner\"><div class=\"x-face-outer front\" style=\"border-width: 8px 8px 8px 8px; border-style: double; border-color: #2772a4; color: #ffffff; background-color: #3498db;\"><div class=\"x-face-inner\"><div class=\"x-face-content\" style=\"padding: 10% 10% 10% 10%;\"><div class=\"x-face-graphic\"><i style=\"margin: 0; font-size: 36px; color: #ffffff;\" class=\"x-icon-legal\" data-x-icon-s=\"&#xf0e3;\"><\/i><\/div><h4 class=\"x-face-title\">Structure de gouvernance<\/h4><p class=\"x-face-text\">L'initiative HAQAA a une structure solide de sa gouvernance qui aide \u00e0 son progr\u00e8s et \u00e0 sa port\u00e9e<\/p><\/div><\/div><\/div><div class=\"x-face-outer back\" style=\"border-width: 8px 8px 8px 8px; border-style: solid; border-color: #59d600; color: #ffffff; background-color: #81d742;\"><div class=\"x-face-inner\"><div class=\"x-face-content\" style=\"padding: 10% 10% 10% 10%;\"><h4 class=\"x-face-title\">Structure de gouvernance<\/h4><p class=\"x-face-text\">Cliquez ici pour voir la structure de gouvernance de l'Initiative HAQAA<\/p><a class=\"x-face-button\" style=\"color: #ffffff; background-color: #a0d67a;\" href=\"#\">Cliquez sur moi!<\/a><\/div><\/div><\/div><\/div><\/div><\/div><\/div><\/div>\n<div id=\"x-section-3\" class=\"x-section\" style=\"margin: 0px 0px 0px 0px; padding: 45px 0px 45px 0px;  background-color: transparent;\" ><div id=\"\" class=\"x-container\" style=\"margin: 0px auto 0px auto; padding: 0px 0px 0px 0px; \" ><div  class=\"x-column x-sm x-1-1\" style=\"padding: 0px 0px 0px 0px; \" >\n<h2  class=\"h-custom-headline center-text  h3 accent\" ><span>Une initiative financ\u00e9e par:<\/span><\/h2><\/div><\/div><div id=\"\" class=\"x-container\" style=\"margin: 0px auto 0px auto; padding: 0px 0px 0px 0px; \" ><div  class=\"x-column x-sm x-1-3\" style=\"padding: 0px 0px 0px 0px; \" ><img decoding=\"async\"  class=\"x-img x-img-none\"  src=\"https:\/\/www.aau.org\/haqaa\/wp-content\/uploads\/2016\/11\/eu.jpg\" ><\/div><div  class=\"x-column x-sm x-1-3\" style=\"padding: 0px 0px 0px 0px; \" ><img decoding=\"async\"  class=\"x-img x-img-none\"  src=\"https:\/\/www.aau.org\/haqaa\/wp-content\/uploads\/2016\/05\/AEU-new-01-01.jpg\" ><\/div><div  class=\"x-column x-sm x-1-3\" style=\"padding: 0px 0px 0px 0px; \" ><img decoding=\"async\"  class=\"x-img x-img-none\"  src=\"https:\/\/www.aau.org\/haqaa\/wp-content\/uploads\/2016\/05\/AEU-01.jpg\" ><\/div><\/div><div id=\"\" class=\"x-container\" style=\"margin: 0px auto 0px auto; padding: 0px 0px 0px 0px; \" ><div  class=\"x-column x-sm x-1-3\" style=\"padding: 0px 0px 0px 0px; \" ><div id=\"\" class=\"x-text\" style=\"\" ><h5 style=\"text-align: center;\">Union Europ\u00e9enne<\/h5>\n<\/div><\/div><div  class=\"x-column x-sm x-1-3\" style=\"padding: 0px 0px 0px 0px; \" ><div id=\"\" class=\"x-text\" style=\"\" ><h5 style=\"text-align: center;\">Union Africaine<\/h5>\n<\/div><\/div><div  class=\"x-column x-sm x-1-3\" style=\"padding: 0px 0px 0px 0px; \" ><div id=\"\" class=\"x-text\" style=\"\" ><h5 style=\"text-align: center;\">Partenariat strat\u00e9gique Afrique-UE<\/h5>\n<\/div><\/div><\/div><\/div><div id=\"x-section-4\" class=\"x-section\" style=\"margin: 0px 0px 0px 0px; padding: 45px 0px 45px 0px;  background-color: transparent;\" ><div id=\"\" class=\"x-container\" style=\"margin: 0px auto 0px auto; padding: 0px 0px 0px 0px; \" >\n<div  class=\"x-column x-sm x-1-3\" style=\"padding: 0px 0px 0px 0px; \" ><div  class=\"x-counter\" data-x-element-counter=\"{&quot;to&quot;:&quot;54&quot;,&quot;speed&quot;:&quot;1500ms&quot;,&quot;selector&quot;:&quot;.number&quot;}\" ><span class=\"text-above\" >NOUS TRAVAILLONS AVEC<\/span><div class=\"number-wrap w-h\" ><span class=\"number\">0<\/span><\/div><span class=\"text-below\" >PAYS<\/span><\/div><\/div>\n<div  class=\"x-column x-sm x-1-3\" style=\"padding: 0px 0px 0px 0px; \" ><div  class=\"x-counter\" data-x-element-counter=\"{&quot;to&quot;:&quot;5&quot;,&quot;speed&quot;:&quot;1500ms&quot;,&quot;selector&quot;:&quot;.number&quot;}\" ><span class=\"text-above\" >Nous Avons<\/span><div class=\"number-wrap w-h\" ><span class=\"number\">0<\/span><\/div><span class=\"text-below\" >ORGANISMES DE MISE EN OEUVRE<\/span><\/div><\/div>\n<div  class=\"x-column x-sm x-1-3\" style=\"padding: 0px 0px 0px 0px; \" ><div  class=\"x-counter\" data-x-element-counter=\"{&quot;to&quot;:&quot;2&quot;,&quot;speed&quot;:&quot;1500ms&quot;,&quot;selector&quot;:&quot;.number&quot;}\" ><span class=\"text-above\" >Nous connectons <\/span><div class=\"number-wrap w-h\" ><span class=\"number\">0<\/span><\/div><span class=\"text-below\" >Grands CONTINENTS <\/span><\/div><\/div>\n<\/div><\/div><div id=\"x-section-5\" class=\"x-section\" style=\"margin: 0px 0px 0px 0px; padding: 45px 0px 45px 0px;  background-color: transparent;\" ><div id=\"\" class=\"x-container\" style=\"margin: 0px auto 0px auto; padding: 0px 0px 0px 0px; \" ><div  class=\"x-column x-sm x-1-1\" style=\"padding: 0px 0px 0px 0px; \" ><hr  class=\"x-hr\" >\n<h2  class=\"h-custom-headline center-text  h3 accent\" ><span>Derni\u00e8res nouvelles<\/span><\/h2><div  class=\"x-recent-posts cf horizontal\"  data-x-element=\"recent_posts\" data-x-params=\"{&quot;fade&quot;:true}\" data-fade=\"true\" ><a class=\"x-recent-post4 with-image\" href=\"https:\/\/haqaa.aau.org\/fr\/consultation-asg-qa\/\" title=\"Permalink to: &quot;Consultation ASG-QA&quot;\"><article id=\"post-1151\" class=\"post-1151 post type-post status-publish format-standard has-post-thumbnail hentry category-appel\"><div class=\"entry-wrap\"><div class=\"x-recent-posts-img\" style=\"background-image: url(https:\/\/haqaa.aau.org\/wp-content\/uploads\/2016\/04\/haqaa.png);\"><i class='x-framework-icon x-recent-posts-icon' data-x-icon-s='&#xf15c;' aria-hidden=true><\/i><\/div><div class=\"x-recent-posts-content\"><h3 class=\"h-recent-posts\">Consultation ASG-QA<\/h3><span class=\"x-recent-posts-date\">juin 23, 2017<\/span><\/div><\/div><\/article><\/a><a class=\"x-recent-post4 with-image\" href=\"https:\/\/haqaa.aau.org\/fr\/deuxieme-symposium-tuning-africa-sur-la-recherche-et-les-bonnes-pratiques-dans-une-approche-basee-sur-les-competences\/\" title=\"Permalink to: &quot;Deuxi\u00e8me Symposium Tuning Africa sur la Recherche et les Bonnes pratiques  dans une approche bas\u00e9e sur les comp\u00e9tences&quot;\"><article id=\"post-723\" class=\"post-723 post type-post status-publish format-standard has-post-thumbnail hentry category-appel tag-tuning\"><div class=\"entry-wrap\"><div class=\"x-recent-posts-img\" style=\"background-image: url(https:\/\/haqaa.aau.org\/wp-content\/uploads\/2016\/11\/logo-tuning.png);\"><i class='x-framework-icon x-recent-posts-icon' data-x-icon-s='&#xf15c;' aria-hidden=true><\/i><\/div><div class=\"x-recent-posts-content\"><h3 class=\"h-recent-posts\">Deuxi\u00e8me Symposium Tuning Africa sur la Recherche et les Bonnes pratiques  dans une approche bas\u00e9e sur les comp\u00e9tences<\/h3><span class=\"x-recent-posts-date\">novembre 25, 2016<\/span><\/div><\/div><\/article><\/a><a class=\"x-recent-post4 with-image\" href=\"https:\/\/haqaa.aau.org\/fr\/appel-a-candidatures-pour-une-formation-sur-lassurance-qualite-developper-une-comprehension-commune-pour-lassurance-qualite-en-afrique\/\" title=\"Permalink to: &quot;Appel a candidatures pour une formation sur l\u2019assurance qualit\u00e9 \u2013 developper une compr\u00e9hension commune pour l\u2019assurance qualit\u00e9 en afrique.&quot;\"><article id=\"post-189\" class=\"post-189 post type-post status-publish format-standard has-post-thumbnail hentry category-non-classifiee tag-daad tag-haqaa\"><div class=\"entry-wrap\"><div class=\"x-recent-posts-img\" style=\"background-image: url(https:\/\/haqaa.aau.org\/wp-content\/uploads\/2016\/05\/DAAD-01-1200x671.jpg);\"><i class='x-framework-icon x-recent-posts-icon' data-x-icon-s='&#xf15c;' aria-hidden=true><\/i><\/div><div class=\"x-recent-posts-content\"><h3 class=\"h-recent-posts\">Appel a candidatures pour une formation sur l\u2019assurance qualit\u00e9 \u2013 developper une compr\u00e9hension commune pour l\u2019assurance qualit\u00e9 en afrique.<\/h3><span class=\"x-recent-posts-date\">mai 3, 2016<\/span><\/div><\/div><\/article><\/a><\/div><a  class=\"x-btn x-btn-small x-btn-block\"  href=\"https:\/\/www.aau.org\/haqaa\/news\/\"  target=\"_blank\" rel=\"\"   data-options=\"thumbnail: ''\">Voir plus<\/a><hr  class=\"x-hr\" >\n<h2  class=\"h-custom-headline center-text  h3 accent\" ><span>Galerie<\/span><\/h2><div class=\"x-flexslider-shortcode-container with-container\"><div  class=\"x-flexslider x-flexslider-shortcode x-flexslider-shortcode-1\" data-x-element-slider=\"{&quot;animation&quot;:&quot;slide&quot;,&quot;reverse&quot;:false,&quot;slideTime&quot;:&quot;7000&quot;,&quot;slideSpeed&quot;:&quot;1000&quot;,&quot;controlNav&quot;:false,&quot;prevNextNav&quot;:true,&quot;slideshow&quot;:true,&quot;random&quot;:true,&quot;touch&quot;:true,&quot;pauseOnHover&quot;:false}\" ><ul class=\"x-slides\"><li  class=\"x-slide\" ><a href=\"https:\/\/www.aau.org\/haqaa\/wp-content\/uploads\/2016\/10\/IMG_0027.jpg\"><img loading=\"lazy\" decoding=\"async\" class=\"aligncenter size-large wp-image-551\" src=\"https:\/\/www.aau.org\/haqaa\/wp-content\/uploads\/2016\/10\/IMG_0027-1024x768.jpg\" alt=\"img_0027\" width=\"800\" height=\"450\" \/><\/a><\/li><li  class=\"x-slide\" ><img loading=\"lazy\" decoding=\"async\" class=\"alignnone size-full\" src=\"https:\/\/www.aau.org\/haqaa\/wp-content\/uploads\/2016\/11\/5.jpg\" alt=\"\" width=\"800\" height=\"450\" \/><\/li><li  class=\"x-slide\" >\n<p><a href=\"https:\/\/www.aau.org\/haqaa\/wp-content\/uploads\/2016\/05\/4.jpg\"><img loading=\"lazy\" decoding=\"async\" class=\"alignright size-full wp-image-217\" src=\"https:\/\/www.aau.org\/haqaa\/wp-content\/uploads\/2016\/05\/4.jpg\" alt=\"Advisory Board Meeting\" width=\"800\" height=\"450\" srcset=\"https:\/\/haqaa.aau.org\/wp-content\/uploads\/2016\/05\/4.jpg 800w, https:\/\/haqaa.aau.org\/wp-content\/uploads\/2016\/05\/4-300x169.jpg 300w, https:\/\/haqaa.aau.org\/wp-content\/uploads\/2016\/05\/4-768x432.jpg 768w, https:\/\/haqaa.aau.org\/wp-content\/uploads\/2016\/05\/4-500x281.jpg 500w\" sizes=\"auto, (max-width: 800px) 100vw, 800px\" \/><\/a><\/p>\n<\/li><li  class=\"x-slide\" >\n<p><a href=\"https:\/\/www.aau.org\/haqaa\/wp-content\/uploads\/2016\/05\/3.jpg\"><img loading=\"lazy\" decoding=\"async\" class=\"alignright size-full wp-image-216\" src=\"https:\/\/www.aau.org\/haqaa\/wp-content\/uploads\/2016\/05\/3.jpg\" alt=\"Advisory Board Meeting\" width=\"800\" height=\"450\" srcset=\"https:\/\/haqaa.aau.org\/wp-content\/uploads\/2016\/05\/3.jpg 800w, https:\/\/haqaa.aau.org\/wp-content\/uploads\/2016\/05\/3-300x169.jpg 300w, https:\/\/haqaa.aau.org\/wp-content\/uploads\/2016\/05\/3-768x432.jpg 768w, https:\/\/haqaa.aau.org\/wp-content\/uploads\/2016\/05\/3-500x281.jpg 500w\" sizes=\"auto, (max-width: 800px) 100vw, 800px\" \/><\/a><\/p>\n<\/li><li  class=\"x-slide\" >\n<p><a href=\"https:\/\/www.aau.org\/haqaa\/wp-content\/uploads\/2016\/05\/2.jpg\"><img loading=\"lazy\" decoding=\"async\" class=\"alignright size-full wp-image-215\" src=\"https:\/\/www.aau.org\/haqaa\/wp-content\/uploads\/2016\/05\/2.jpg\" alt=\"Advisory Board Meeting\" width=\"800\" height=\"450\" srcset=\"https:\/\/haqaa.aau.org\/wp-content\/uploads\/2016\/05\/2.jpg 800w, https:\/\/haqaa.aau.org\/wp-content\/uploads\/2016\/05\/2-300x169.jpg 300w, https:\/\/haqaa.aau.org\/wp-content\/uploads\/2016\/05\/2-768x432.jpg 768w, https:\/\/haqaa.aau.org\/wp-content\/uploads\/2016\/05\/2-500x281.jpg 500w\" sizes=\"auto, (max-width: 800px) 100vw, 800px\" \/><\/a><\/p>\n<\/li><li  class=\"x-slide\" >\n<p><a href=\"https:\/\/www.aau.org\/haqaa\/wp-content\/uploads\/2016\/05\/1.jpg\"><img loading=\"lazy\" decoding=\"async\" class=\"alignright size-full wp-image-214\" src=\"https:\/\/www.aau.org\/haqaa\/wp-content\/uploads\/2016\/05\/1.jpg\" alt=\"Advisory Board Meeting\" width=\"800\" height=\"450\" srcset=\"https:\/\/haqaa.aau.org\/wp-content\/uploads\/2016\/05\/1.jpg 800w, https:\/\/haqaa.aau.org\/wp-content\/uploads\/2016\/05\/1-300x169.jpg 300w, https:\/\/haqaa.aau.org\/wp-content\/uploads\/2016\/05\/1-768x432.jpg 768w, https:\/\/haqaa.aau.org\/wp-content\/uploads\/2016\/05\/1-500x281.jpg 500w\" sizes=\"auto, (max-width: 800px) 100vw, 800px\" \/><\/a><\/p>\n<\/li><\/ul><\/div><\/div><a  class=\"x-btn x-btn-small x-btn-block\"  href=\"https:\/\/flic.kr\/s\/aHskQDdVW6\"  target=\"_blank\" rel=\"\"   data-options=\"thumbnail: ''\">Voir plus de photos<\/a><\/div><\/div><\/div><div id=\"x-section-6\" class=\"x-section\" style=\"margin: 0px 0px 0px 0px; padding: 45px 0px 45px 0px;  background-color: transparent;\" ><div id=\"\" class=\"x-container\" style=\"margin: 0px auto 0px auto; padding: 0px 0px 0px 0px; \" ><div  class=\"x-column x-sm x-1-1\" style=\"padding: 0px 0px 0px 0px; \" >\n<p>&nbsp;<\/p>\n<h2  class=\"h-custom-headline center-text  h3 accent\" ><span>Consortium d&rsquo;ex\u00e9cution <\/span><\/h2><\/div><\/div><\/div>\n<div id=\"x-section-7\" class=\"x-section\" style=\"margin: 0px 0px 0px 0px; padding: 45px 0px 45px 0px;  background-color: transparent;\" ><div id=\"\" class=\"x-container\" style=\"margin: 0px auto 0px auto; padding: 0px 0px 0px 0px; \" ><div  class=\"x-column x-sm x-1-5\" style=\"padding: 0px 0px 0px 0px; \" ><img decoding=\"async\"  class=\"x-img x-img-thumbnail\"  src=\"https:\/\/www.aau.org\/haqaa\/wp-content\/uploads\/2016\/05\/AAu-logo-Transparent-01-01.jpg\" ><\/div><div  class=\"x-column x-sm x-1-5\" style=\"padding: 0px 0px 0px 0px; \" ><img decoding=\"async\"  class=\"x-img x-img-thumbnail\"  src=\"https:\/\/www.aau.org\/haqaa\/wp-content\/uploads\/2016\/05\/DAAD-01.jpg\" ><\/div><div  class=\"x-column x-sm x-1-5\" style=\"padding: 0px 0px 0px 0px; \" ><img decoding=\"async\"  class=\"x-img x-img-thumbnail\"  src=\"https:\/\/www.aau.org\/haqaa\/wp-content\/uploads\/2016\/05\/UB-01-01-01.jpg\" ><\/div><div  class=\"x-column x-sm x-1-5\" style=\"padding: 0px 0px 0px 0px; \" ><img decoding=\"async\"  class=\"x-img x-img-thumbnail\"  src=\"https:\/\/www.aau.org\/haqaa\/wp-content\/uploads\/2016\/05\/EUA-01.jpg\" ><\/div><div  class=\"x-column x-sm x-1-5\" style=\"padding: 0px 0px 0px 0px; \" ><img decoding=\"async\"  class=\"x-img x-img-thumbnail\"  src=\"https:\/\/www.aau.org\/haqaa\/wp-content\/uploads\/2016\/05\/ENQA_logo-01.jpg\" ><\/div><\/div><div id=\"\" class=\"x-container\" style=\"margin: 0px auto 0px auto; padding: 0px 0px 0px 0px; \" ><div  class=\"x-column x-sm x-1-5\" style=\"padding: 0px 0px 0px 0px; \" ><div id=\"\" class=\"x-text\" style=\"\" ><p style=\"text-align: center;\">Association des Universit\u00e9s Africaines<\/p>\n<p style=\"text-align: center;\">(AUA)<\/p>\n<\/div><\/div><div  class=\"x-column x-sm x-1-5\" style=\"padding: 0px 0px 0px 0px; \" ><div id=\"\" class=\"x-text\" style=\"\" ><p style=\"text-align: center;\">German Academic Exchange Service (DAAD)<\/p>\n<\/div><\/div><div  class=\"x-column x-sm x-1-5\" style=\"padding: 0px 0px 0px 0px; \" ><div id=\"\" class=\"x-text\" style=\"\" ><p style=\"text-align: center;\">Universit\u00e9 de Barcelone<\/p>\n<p style=\"text-align: center;\"><strong>(Coordinateur)<\/strong><\/p>\n<\/div><\/div><div  class=\"x-column x-sm x-1-5\" style=\"padding: 0px 0px 0px 0px; \" ><div id=\"\" class=\"x-text\" style=\"\" ><p style=\"text-align: center;\">Association Europ\u00e9enne des Universit\u00e9s (EUA)<\/p>\n<\/div><\/div><div  class=\"x-column x-sm x-1-5\" style=\"padding: 0px 0px 0px 0px; \" ><div id=\"\" class=\"x-text\" style=\"\" ><p style=\"text-align: center;\">Association Europ\u00e9enne pour l&rsquo;Assurance Qualit\u00e9 dans l&rsquo;Enseignement Sup\u00e9rieur (ENQA)<\/p>\n<\/div><\/div><\/div><\/div>\n","protected":false},"excerpt":{"rendered":"","protected":false},"author":1,"featured_media":0,"parent":0,"menu_order":0,"comment_status":"closed","ping_status":"closed","template":"template-layout-full-width.php","meta":{"footnotes":""},"class_list":["post-565","page","type-page","status-publish","hentry","no-post-thumbnail"],"_links":{"self":[{"href":"https:\/\/haqaa.aau.org\/fr\/wp-json\/wp\/v2\/pages\/565","targetHints":{"allow":["GET"]}}],"collection":[{"href":"https:\/\/haqaa.aau.org\/fr\/wp-json\/wp\/v2\/pages"}],"about":[{"href":"https:\/\/haqaa.aau.org\/fr\/wp-json\/wp\/v2\/types\/page"}],"author":[{"embeddable":true,"href":"https:\/\/haqaa.aau.org\/fr\/wp-json\/wp\/v2\/users\/1"}],"replies":[{"embeddable":true,"href":"https:\/\/haqaa.aau.org\/fr\/wp-json\/wp\/v2\/comments?post=565"}],"version-history":[{"count":44,"href":"https:\/\/haqaa.aau.org\/fr\/wp-json\/wp\/v2\/pages\/565\/revisions"}],"predecessor-version":[{"id":902,"href":"https:\/\/haqaa.aau.org\/fr\/wp-json\/wp\/v2\/pages\/565\/revisions\/902"}],"wp:attachment":[{"href":"https:\/\/haqaa.aau.org\/fr\/wp-json\/wp\/v2\/media?parent=565"}],"curies":[{"name":"wp","href":"https:\/\/api.w.org\/{rel}","templated":true}]}}