{"id":843,"date":"2017-01-25T15:34:41","date_gmt":"2017-01-25T15:34:41","guid":{"rendered":"http:\/\/www.aau.org\/haqaa\/fr\/?page_id=843"},"modified":"2017-01-25T15:40:31","modified_gmt":"2017-01-25T15:40:31","slug":"404-2","status":"publish","type":"page","link":"https:\/\/haqaa.aau.org\/fr\/404-2\/","title":{"rendered":"404"},"content":{"rendered":"<h3 style=\"text-align: center;\"><h2  class=\"h-feature-headline center-text h1\" ><span>\ud83d\ude41<\/span><\/h2><\/h3>\n<h4 style=\"text-align: center;\"><strong>D\u00e9sol\u00e9 cette page n&rsquo;a pas encore \u00e9t\u00e9 traduite ou vous <span style=\"text-decoration: underline;\"><a href=\"https:\/\/www.aau.org\/haqaa\/wp-login.php\">devez \u00eatre connect\u00e9s<\/a><\/span> pour voir ce contenu.<\/strong><\/h4>\n<p><a href=\"https:\/\/www.aau.org\/haqaa\/fr\/\">S&rsquo;il vous pla\u00eet retournez \u00e0 la page d&rsquo;Accueil<\/a> ou recherchez\u00a0 notre site ci-dessous:<\/p>\n<div  class=\"x-search-shortcode\" ><form role=\"search\" method=\"get\" id=\"searchform\" class=\"searchform\" action=\"https:\/\/haqaa.aau.org\/fr\/\">\n\t\t\t\t<div>\n\t\t\t\t\t<label class=\"screen-reader-text\" for=\"s\">Rechercher\u00a0:<\/label>\n\t\t\t\t\t<input type=\"text\" value=\"\" name=\"s\" id=\"s\" \/>\n\t\t\t\t\t<input type=\"submit\" id=\"searchsubmit\" value=\"Rechercher\" \/>\n\t\t\t\t<\/div>\n\t\t\t<\/form><\/div>\n","protected":false},"excerpt":{"rendered":"<p>D\u00e9sol\u00e9 cette page n&rsquo;a pas encore \u00e9t\u00e9 traduite ou vous devez \u00eatre connect\u00e9s pour voir ce contenu. S&rsquo;il vous pla\u00eet retournez \u00e0 la page d&rsquo;Accueil ou recherchez\u00a0 notre site ci-dessous:<\/p>\n","protected":false},"author":1,"featured_media":0,"parent":0,"menu_order":0,"comment_status":"closed","ping_status":"closed","template":"template-blank-1.php","meta":{"footnotes":""},"class_list":["post-843","page","type-page","status-publish","hentry","no-post-thumbnail"],"_links":{"self":[{"href":"https:\/\/haqaa.aau.org\/fr\/wp-json\/wp\/v2\/pages\/843","targetHints":{"allow":["GET"]}}],"collection":[{"href":"https:\/\/haqaa.aau.org\/fr\/wp-json\/wp\/v2\/pages"}],"about":[{"href":"https:\/\/haqaa.aau.org\/fr\/wp-json\/wp\/v2\/types\/page"}],"author":[{"embeddable":true,"href":"https:\/\/haqaa.aau.org\/fr\/wp-json\/wp\/v2\/users\/1"}],"replies":[{"embeddable":true,"href":"https:\/\/haqaa.aau.org\/fr\/wp-json\/wp\/v2\/comments?post=843"}],"version-history":[{"count":2,"href":"https:\/\/haqaa.aau.org\/fr\/wp-json\/wp\/v2\/pages\/843\/revisions"}],"predecessor-version":[{"id":847,"href":"https:\/\/haqaa.aau.org\/fr\/wp-json\/wp\/v2\/pages\/843\/revisions\/847"}],"wp:attachment":[{"href":"https:\/\/haqaa.aau.org\/fr\/wp-json\/wp\/v2\/media?parent=843"}],"curies":[{"name":"wp","href":"https:\/\/api.w.org\/{rel}","templated":true}]}}