{"id":905,"date":"2017-01-30T09:13:49","date_gmt":"2017-01-30T09:13:49","guid":{"rendered":"http:\/\/www.aau.org\/haqaa\/?page_id=905\/"},"modified":"2017-01-30T09:13:49","modified_gmt":"2017-01-30T09:13:49","slug":"methodologie","status":"publish","type":"page","link":"https:\/\/haqaa.aau.org\/fr\/methodologie\/","title":{"rendered":"Methodologie"},"content":{"rendered":"<ul>\n<li>Les cours de formation de l&rsquo;initiative HAQAA en Fran\u00e7ais et en Anglais destin\u00e9s aux responsables des diff\u00e9rents pays africains<\/li>\n<li>Les \u00e9valuations institutionnelles du M\u00e9chanisme africain de mesure de la qualit\u00e9 (AQRM)<\/li>\n<li>Les \u00e9valuations institutionnelles de l&rsquo;Assurance Qualit\u00e9 Connect<\/li>\n<li>Construction d&rsquo;une base de donn\u00e9e pour les Experts en Assurance Qualit\u00e9<\/li>\n<li>Cartographie des activit\u00e9s principales d&rsquo;Assurance Qualit\u00e9 et des lignes directrices normalis\u00e9es en Afrique aux niveaux continental et r\u00e9gional.<\/li>\n<\/ul>\n<p>L&rsquo;approche m\u00e9thodologique tient en compte les diff\u00e9rentes facettes du cadre d&rsquo;Assurance Qualit\u00e9 et d&rsquo;Accr\u00e9ditation en Afrique (PAQAF) qui est en cours de d\u00e9v\u00e9loppement et est actuellement support\u00e9 par l&rsquo;Union Africaine. Celle-ci renforcera simultan\u00e9ment les agences \/ organisations nationales d&rsquo;Assurance Qualit\u00e9 et la qualit\u00e9 institutionnelle de la culture dans l&rsquo;enseignement sup\u00e9rieur et permettra aux differentes initiatives r\u00e9gionales d&rsquo;Assurance Qualit\u00e9 (par exemple l&rsquo;Afrique Orientale) qui existent d\u00e9ja de correspondre avec PAQAF. La m\u00e9thodologie est fond\u00e9e sur des principes qui sont inh\u00e9rents\u00a0\u00e0 la fa\u03c2on dont les activit\u00e9s sont con\u03c2ues, trouvez ci-dessous ces principes:<\/p>\n<ul>\n<li>L&rsquo;Initiative repose non seulement sur la participation des intervenants Africains mais aussi sur la <strong>capacit\u00e9 des organisations africaines<\/strong> afin de soutenir tout effort dans le but d&rsquo;atteindre les objectifs trac\u00e9s. C&rsquo;est pour cette raison que l&rsquo;AUA mettra en place un \u00a0\u00bb Centre Africain pour le renforcement des capacit\u00e9s en Assurance Qualit\u00e9\u00a0\u00bb\u00a0 qui orienteront un nombre d&rsquo;activit\u00e9s de formation facilit\u00e9es par l&rsquo;Initiative. En outre , l&rsquo;AUA jouera un r\u00f4le tr\u00e8s important dans : la communication des intervenants au niveau panafricain , la conduite de la plateforme d&rsquo;Assurance Qualit\u00e9 et la facilittion de la conception , la communication et l&rsquo;enregistrement des \u00e9v\u00e8nements orgnis\u00e9s.<\/li>\n<li>Dans le but d&rsquo;optimiser l&rsquo;impact , les synergies avec les autres initiatives connexes actuels d&rsquo;Assurance Qualit\u00e9 en Afrique , particuli\u00e8rement les initiatives ayant le soutien de l&rsquo;UE et la CUA seront essentielles.<\/li>\n<\/ul>\n<p style=\"padding-left: 60px;\">&#8211;\u00a0\u00a0 Les \u00e9v\u00e8nements aux niveaux continental et r\u00e9gional d&rsquo;Afrique tels que le Forum d&rsquo;Assurance Qualit\u00e9 en Afrique (&lsquo;AQAF&rsquo; ),\u00a0 \u00a0\u00bb COREVIP\u00a0\u00bb ( la Conference de l&rsquo;AUA des Recteurs et Vice chanceliers) et les\u00a0\u00e9v\u00e8nements li\u00e9s\u00a0\u00e0 UNESCO et CUA et Plusieurs autres activit\u00e9s seront pr\u00e9vues.<\/p>\n<p style=\"padding-left: 60px;\">&#8211;\u00a0 Il ya des synergies cl\u00e9s avec des manifestations de Tuning , qui repr\u00e9sentent est une autre initiative\u00a0tr\u00e8s importante soutenue par L&rsquo;UE sous le partenariat strategique entre l&rsquo;Afrique et l&rsquo;UE<\/p>\n<ul>\n<li>Un bon nombre d\u2019activit\u00e9s va exiger que les cours de formation soient donn\u00e9s par les experts d&rsquo;Assurance Qualit\u00e9. Ces genres de formation et transfer de connaissance ne devraient pas seulement venir des experts europ\u00e9ens mais aussi des <strong>experts venant d\u2019autres pays africains<\/strong> qui auraient de bonnes pratiques \u00e0 partager. Ceci contribuera au transfer de connaissance.<\/li>\n<li>Le transfer de connaissance doit \u00eatre <strong>bidirectionnel.<\/strong><\/li>\n<\/ul>\n<p style=\"padding-left: 60px;\">&#8211; Le consortium charg\u00e9 de la mise en \u0153uvre \u00a0utilisera sa diss\u00e9mination europ\u00e9enne et ses canaux politiques pour veiller \u00e0 ce que l\u2019exp\u00e9rience de l\u2019AQ africaine soit aussi partag\u00e9e en Europe et que la discussion sur \u00ab\u00a0comment la collaboration Africaine- europ\u00e9enne et l\u2019\u00e9change mutuel concernant le sujet de\u00a0 l\u2019AQ peuvent \u00eatre am\u00e9lior\u00e9es\u00a0\u00bb \u00a0soit inclue dans plusieurs activit\u00e9s pr\u00e9vues. Cela renforcera le partenariat strat\u00e9gique entre l\u2019Afrique et l\u2019UE et serait \u00e0 l\u2019avantage de l\u2019Espace Europ\u00e9en de l&rsquo;Enseignement Sup\u00e9rieur (EHEA). (EHEA).<\/p>\n<ul>\n<li>Dans le but de combler le retard de certains pays\/ individus , <strong>les pays, organisations et institutions qui auparavant<\/strong> participaient moins fr\u00e9quemment aux activit\u00e9s continentales africaines seront dor\u00e9navant beaucoup plus encourag\u00e9s \u00e0 participer aux activit\u00e9s\u2019.<\/li>\n<li>Les participants seront aussi encourag\u00e9s \u00e0 prendre part aux programmes tels que\u00a0 <a href=\"https:\/\/ec.europa.eu\/programmes\/erasmus-plus\/about_en\">Erasmus<\/a>,\u00a0 <a href=\"https:\/\/ec.europa.eu\/research\/mariecurieactions\/\">Marie Sk\u0142odowska-Curie Actions<\/a> et\u00a0 <a href=\"https:\/\/eacea.ec.europa.eu\/intra-africa\/actions\/intra-africa-academic-mobility-scheme_en\">Intra-Africa Academic Mobility Scheme<\/a> , qui ont pour cible l\u2019Enseignement Sup\u00e9rieur et l\u2019Afrique afin de\u00a0 poursuivre la mise en oeuvre et ameliorer le travail dans ces domaines.<\/li>\n<\/ul>\n","protected":false},"excerpt":{"rendered":"<p>Les cours de formation de l&rsquo;initiative HAQAA en Fran\u00e7ais et en Anglais destin\u00e9s aux responsables des diff\u00e9rents pays africains Les \u00e9valuations institutionnelles du M\u00e9chanisme africain de mesure de la qualit\u00e9 (AQRM) Les \u00e9valuations institutionnelles de l&rsquo;Assurance Qualit\u00e9 Connect Construction d&rsquo;une base de donn\u00e9e pour les Experts en Assurance Qualit\u00e9 Cartographie des activit\u00e9s principales d&rsquo;Assurance Qualit\u00e9 et des lignes directrices normalis\u00e9es &#8230; <\/p>\n<div><a href=\"https:\/\/haqaa.aau.org\/fr\/methodologie\/\" class=\"more-link\">Read More<\/a><\/div>\n","protected":false},"author":1,"featured_media":0,"parent":0,"menu_order":0,"comment_status":"closed","ping_status":"closed","template":"","meta":{"footnotes":""},"class_list":["post-905","page","type-page","status-publish","hentry","no-post-thumbnail"],"_links":{"self":[{"href":"https:\/\/haqaa.aau.org\/fr\/wp-json\/wp\/v2\/pages\/905","targetHints":{"allow":["GET"]}}],"collection":[{"href":"https:\/\/haqaa.aau.org\/fr\/wp-json\/wp\/v2\/pages"}],"about":[{"href":"https:\/\/haqaa.aau.org\/fr\/wp-json\/wp\/v2\/types\/page"}],"author":[{"embeddable":true,"href":"https:\/\/haqaa.aau.org\/fr\/wp-json\/wp\/v2\/users\/1"}],"replies":[{"embeddable":true,"href":"https:\/\/haqaa.aau.org\/fr\/wp-json\/wp\/v2\/comments?post=905"}],"version-history":[{"count":1,"href":"https:\/\/haqaa.aau.org\/fr\/wp-json\/wp\/v2\/pages\/905\/revisions"}],"predecessor-version":[{"id":908,"href":"https:\/\/haqaa.aau.org\/fr\/wp-json\/wp\/v2\/pages\/905\/revisions\/908"}],"wp:attachment":[{"href":"https:\/\/haqaa.aau.org\/fr\/wp-json\/wp\/v2\/media?parent=905"}],"curies":[{"name":"wp","href":"https:\/\/api.w.org\/{rel}","templated":true}]}}