{"id":864,"date":"2017-01-26T14:42:29","date_gmt":"2017-01-26T14:42:29","guid":{"rendered":"http:\/\/www.aau.org\/haqaa\/?page_id=864\/"},"modified":"2017-01-26T14:42:29","modified_gmt":"2017-01-26T14:42:29","slug":"governacao","status":"publish","type":"page","link":"https:\/\/haqaa.aau.org\/pt-pt\/sobre\/governacao\/","title":{"rendered":"Governa\u00e7\u00e3o"},"content":{"rendered":"<h5><em>Equipe de supervis\u00e3o da Comiss\u00e3o Europ\u00e9ia e\u00a0 da Comiss\u00e3o da Uni\u00e3o\u00a0 Africana<\/em><\/h5>\n<ul>\n<li>Senhorita Deidre <strong>LENNAN<\/strong>, Comiss\u00e3o Europ\u00e9ia, Diretoria Geral da Educa\u00e7\u00e3o e Cultura, B\u00e9lgica.<\/li>\n<li>Ron <strong>HENDRIX<\/strong>, Delega\u00e7\u00e3o da UE para a Uni\u00e3o Africana,Eti\u00f3pia<\/li>\n<li>Beatrice <strong>NJENGA<\/strong>, Chefe da Se\u00e7\u00e3o de Educa\u00e7\u00e3o, Comiss\u00e3o\u00a0 da Uni\u00e3o Africana, Eti\u00f3pia<\/li>\n<\/ul>\n<h5><em>Conselho\u00a0 \u00a0Consultivo \u00a0 \u00a0 \u00a0 \u00a0 \u00a0 \u00a0 \u00a0 \u00a0 \u00a0 \u00a0 \u00a0 \u00a0 \u00a0 \u00a0 \u00a0 \u00a0 \u00a0 \u00a0 \u00a0 \u00a0 \u00a0 \u00a0 \u00a0 \u00a0 \u00a0 \u00a0 \u00a0 \u00a0 \u00a0 \u00a0 \u00a0 \u00a0 \u00a0 \u00a0 \u00a0 \u00a0 \u00a0 \u00a0 \u00a0 \u00a0 \u00a0 \u00a0 \u00a0 \u00a0 \u00a0 \u00a0 \u00a0 \u00a0 \u00a0 \u00a0 \u00a0 \u00a0 \u00a0 \u00a0 \u00a0 \u00a0 \u00a0 \u00a0 \u00a0 \u00a0 \u00a0 \u00a0 \u00a0 \u00a0 \u00a0 \u00a0 \u00a0 \u00a0 \u00a0 \u00a0 \u00a0 \u00a0 \u00a0 \u00a0 \u00a0 \u00a0 \u00a0 \u00a0<\/em><\/h5>\n<ul>\n<li>Tariq <strong>ALSINDI,<\/strong> Secret\u00e1rio Geral da Rede \u00c1rabe\u00a0 de Garantia de Qualidade no Ensino Superior (ANQAHE), Bahrein<\/li>\n<li>Narend <strong>BAIJNATH<\/strong>, Diretor Presidente, Conselho de Ensino Superior(CHE),\u00c1frica do Sul<\/li>\n<li>Papa <strong>GUEYE<\/strong>, Secret\u00e1rio Geral, Autoridade nacional de garantia de qualidade do ensino superior (ANAQ-Sup),Senegal<\/li>\n<li>Piyushi <strong>KOTECHA,<\/strong> Diretor Presidente,\u00a0 Associa\u00e7\u00e3o das Universidades da Regi\u00e3o da \u00c1frica Austral,(SARUA)<\/li>\n<li>Alexander <strong>L YAMB AB AJE<\/strong>, Secret\u00e1rio Geral do Conselho Inter-Universit\u00e1rio da \u00c1frica do Leste(IUCEA), Uganda<\/li>\n<li>Chiedu Felix<strong> MAFIANA<\/strong>, Presidente da Rede Africana de Garantia de Qualidade(AfriQAN), Comiss\u00e3o Nacional das Universidades, Nig\u00e9ria<\/li>\n<li>Bertrand <strong>MBATCHI,\u00a0<\/strong>Secret\u00e1rio Geral, Conselho Africano e Malgache\u00a0 de Ensino Superior(CAMES), Burkina Fasso<\/li>\n<li>Ana Maria <strong>NHAMPULE,<\/strong> Presidenta, Conselho Nacional de Garantia de Qualidade no\u00a0 Ensino Superior de\u00a0 Mo\u00e7ambique (CNAQ)<\/li>\n<li>Is-haq <strong>OLOYEDE,<\/strong> Secret\u00e1rio Geral , Associa\u00e7\u00e3o\u00a0 das Universidades da \u00c1frica Ocidental(AWAU), Nig\u00e9ria<\/li>\n<li>Sultan T. <strong>ABU-ORABI,<\/strong> Secret\u00e1rio Geral, Associa\u00e7\u00e3o das Universidades \u00c1rabes(AArU),Jord\u00e2ni<\/li>\n<li>Acim <strong>Hopbach<\/strong>, Diretor da Ag\u00eancia de Garantia de Qualidade e Reconhecimento Austria(AQAustria)<\/li>\n<li>Prof Primrose <strong>KURASHA<\/strong>, Vice -Reitor, Universidade Aberta do Zimb\u00e2bue<\/li>\n<\/ul>\n<h5><em>Grupo de Trabalho T\u00e9cnico para a elabra\u00e7\u00e3o das Normas e Diretrizes\u00a0 Africanas\u00a0 de Garantia de Qualidade :<\/em><\/h5>\n<ul>\n<li>Nadia <strong>BADRAWI,<\/strong> Fundadora e antiga presidenta da Rede \u00c1rabe de Garantia de Qualidade no\u00a0 Ensino Superior(ANQAHE), Membro do Conselho\u00a0 da Autoridade Nacional de Garantia de Qualidade\u00a0 do Ensino, Egito.<\/li>\n<li>Noel Biodum <strong>SALIU,<\/strong> Diretor, Garantia de Qualidade, Comiss\u00e3o Nacional das Universidades(NUC), Nig\u00e9ria<\/li>\n<li>Caty <strong>DUYKAETS,<\/strong> Diretora da ag\u00eancia de garantia de qualidade AEQES para B\u00e9lgica franc\u00f3fona, Vice-Presidenta da Associa\u00e7\u00e3o Europ\u00e9ia de Garantia de\u00a0 Qualidade no Ensino Superior (ENQA)<\/li>\n<li>Abdel Karim <strong>KOUMAR\u00c9<\/strong>, Professor, Universidade de Bamako, Mali, Chefe de Departamento de Cirurgia B ( Instituto Africano\u00a0 de Forma\u00e7\u00e3o em Pedagogia, Pesquisa e Avalia\u00e7\u00e3o em Sa\u00fade(IAFPRESS)<\/li>\n<li>Rispa<strong> ODONGO<\/strong>, Especialista em Garantia de Qualidade, muitas \u00a0experi\u00eancias profissionais\u00a0 na Comiss\u00e3o\u00a0\u00a0 de \u00a0Ensino Universit\u00e1rio , Qu\u00eania<\/li>\n<li>Mocks<strong> SHIVUTE,<\/strong> Diretor Executivo, Conselho Nacional de Ensino Superior da Namibia\/Anneley Willemse, Universidade de Tecnologia e Ci\u00eancia da Namibia(NUST-QUA)<\/li>\n<li>Prof Jeffy <strong>MUKORA<\/strong>, Diretor Executivo da Avalia\u00e7\u00e3o Externa de CNAQ, Mo\u00e7ambique<\/li>\n<\/ul>\n","protected":false},"excerpt":{"rendered":"<p>Equipe de supervis\u00e3o da Comiss\u00e3o Europ\u00e9ia e\u00a0 da Comiss\u00e3o da Uni\u00e3o\u00a0 Africana Senhorita Deidre LENNAN, Comiss\u00e3o Europ\u00e9ia, Diretoria Geral da Educa\u00e7\u00e3o e Cultura, B\u00e9lgica. Ron HENDRIX, Delega\u00e7\u00e3o da UE para a Uni\u00e3o Africana,Eti\u00f3pia Beatrice NJENGA, Chefe da Se\u00e7\u00e3o de Educa\u00e7\u00e3o, Comiss\u00e3o\u00a0 da Uni\u00e3o Africana, Eti\u00f3pia Conselho\u00a0 \u00a0Consultivo \u00a0 \u00a0 \u00a0 \u00a0 \u00a0 \u00a0 \u00a0 \u00a0 \u00a0 \u00a0 \u00a0 \u00a0 \u00a0 &#8230; <\/p>\n<div><a href=\"https:\/\/haqaa.aau.org\/pt-pt\/sobre\/governacao\/\" class=\"more-link\">Read More<\/a><\/div>\n","protected":false},"author":1,"featured_media":0,"parent":866,"menu_order":0,"comment_status":"closed","ping_status":"closed","template":"template-layout-full-width.php","meta":{"footnotes":""},"class_list":["post-864","page","type-page","status-publish","hentry","no-post-thumbnail"],"_links":{"self":[{"href":"https:\/\/haqaa.aau.org\/pt-pt\/wp-json\/wp\/v2\/pages\/864","targetHints":{"allow":["GET"]}}],"collection":[{"href":"https:\/\/haqaa.aau.org\/pt-pt\/wp-json\/wp\/v2\/pages"}],"about":[{"href":"https:\/\/haqaa.aau.org\/pt-pt\/wp-json\/wp\/v2\/types\/page"}],"author":[{"embeddable":true,"href":"https:\/\/haqaa.aau.org\/pt-pt\/wp-json\/wp\/v2\/users\/1"}],"replies":[{"embeddable":true,"href":"https:\/\/haqaa.aau.org\/pt-pt\/wp-json\/wp\/v2\/comments?post=864"}],"version-history":[{"count":1,"href":"https:\/\/haqaa.aau.org\/pt-pt\/wp-json\/wp\/v2\/pages\/864\/revisions"}],"predecessor-version":[{"id":865,"href":"https:\/\/haqaa.aau.org\/pt-pt\/wp-json\/wp\/v2\/pages\/864\/revisions\/865"}],"up":[{"embeddable":true,"href":"https:\/\/haqaa.aau.org\/pt-pt\/wp-json\/wp\/v2\/pages\/866"}],"wp:attachment":[{"href":"https:\/\/haqaa.aau.org\/pt-pt\/wp-json\/wp\/v2\/media?parent=864"}],"curies":[{"name":"wp","href":"https:\/\/api.w.org\/{rel}","templated":true}]}}