{"id":866,"date":"2017-01-26T14:46:44","date_gmt":"2017-01-26T14:46:44","guid":{"rendered":"http:\/\/www.aau.org\/haqaa\/?page_id=866\/"},"modified":"2017-01-26T14:46:44","modified_gmt":"2017-01-26T14:46:44","slug":"sobre","status":"publish","type":"page","link":"https:\/\/haqaa.aau.org\/pt-pt\/sobre\/","title":{"rendered":"Sobre"},"content":{"rendered":"<h3><strong>Sobre a Iniciativa HAQAA<\/strong><\/h3>\n<p>A Iniciativa HAQAA, fundada pela\u00a0 Uni\u00e3o Europ\u00e9ia em parceria com a Uni\u00e3o Africana,\u00a0 foi estabelecida\u00a0 para apoiar o desenvolvimento\u00a0 de um sistema harmonizado\u00a0 de garantia de qualidade e reconhecimento\u00a0 em n\u00edveis institucional, nacional,regional\u00a0 bem como em n\u00edvel continental Pan-africano. Essa iniciativa\u00a0 implementa-se atualmente por um cons\u00f3rcio que compreende a Universidade de Barcelona(coordenadora) ,\u00a0 a Associa\u00e7\u00e3o das Universidades Africanas (AAU\/AUA), a Associa\u00e7\u00e3o das Universidades Europ\u00e9ias(EUA\/AUE), a Associa\u00e7\u00e3o Europ\u00e9ia para a Garantia de Qualidade no Ensino\u00a0 Superior(ENQA),e\u00a0 o Servi\u00e7o de Interc\u00e2mbio Acad\u00eamico da Alemanha(DAAD). Iniciaram-se as atividades podendo envolver as organiza\u00e7\u00f5es regionais africanas e nacionais importantes, bem como as\u00a0 redes ativas na \u00e1rea de garantia de qualidade e\u00a0 reconhecimento.<\/p>\n","protected":false},"excerpt":{"rendered":"<p>Sobre a Iniciativa HAQAA A Iniciativa HAQAA, fundada pela\u00a0 Uni\u00e3o Europ\u00e9ia em parceria com a Uni\u00e3o Africana,\u00a0 foi estabelecida\u00a0 para apoiar o desenvolvimento\u00a0 de um sistema harmonizado\u00a0 de garantia de qualidade e reconhecimento\u00a0 em n\u00edveis institucional, nacional,regional\u00a0 bem como em n\u00edvel continental Pan-africano. Essa iniciativa\u00a0 implementa-se atualmente por um cons\u00f3rcio que compreende a Universidade de Barcelona(coordenadora) ,\u00a0 a Associa\u00e7\u00e3o das &#8230; <\/p>\n<div><a href=\"https:\/\/haqaa.aau.org\/pt-pt\/sobre\/\" class=\"more-link\">Read More<\/a><\/div>\n","protected":false},"author":1,"featured_media":0,"parent":0,"menu_order":0,"comment_status":"closed","ping_status":"closed","template":"template-layout-full-width.php","meta":{"footnotes":""},"class_list":["post-866","page","type-page","status-publish","hentry","no-post-thumbnail"],"_links":{"self":[{"href":"https:\/\/haqaa.aau.org\/pt-pt\/wp-json\/wp\/v2\/pages\/866","targetHints":{"allow":["GET"]}}],"collection":[{"href":"https:\/\/haqaa.aau.org\/pt-pt\/wp-json\/wp\/v2\/pages"}],"about":[{"href":"https:\/\/haqaa.aau.org\/pt-pt\/wp-json\/wp\/v2\/types\/page"}],"author":[{"embeddable":true,"href":"https:\/\/haqaa.aau.org\/pt-pt\/wp-json\/wp\/v2\/users\/1"}],"replies":[{"embeddable":true,"href":"https:\/\/haqaa.aau.org\/pt-pt\/wp-json\/wp\/v2\/comments?post=866"}],"version-history":[{"count":1,"href":"https:\/\/haqaa.aau.org\/pt-pt\/wp-json\/wp\/v2\/pages\/866\/revisions"}],"predecessor-version":[{"id":867,"href":"https:\/\/haqaa.aau.org\/pt-pt\/wp-json\/wp\/v2\/pages\/866\/revisions\/867"}],"wp:attachment":[{"href":"https:\/\/haqaa.aau.org\/pt-pt\/wp-json\/wp\/v2\/media?parent=866"}],"curies":[{"name":"wp","href":"https:\/\/api.w.org\/{rel}","templated":true}]}}