{"id":868,"date":"2017-01-27T09:48:07","date_gmt":"2017-01-27T09:48:07","guid":{"rendered":"http:\/\/www.aau.org\/haqaa\/?page_id=868\/"},"modified":"2017-01-27T09:48:07","modified_gmt":"2017-01-27T09:48:07","slug":"fundo","status":"publish","type":"page","link":"https:\/\/haqaa.aau.org\/pt-pt\/sobre\/fundo\/","title":{"rendered":"Fundo"},"content":{"rendered":"<p>A Iniciativa HAQAA, fundada pela\u00a0 Uni\u00e3o Europ\u00e9ia em parceria com a Uni\u00e3o Africana,\u00a0 foi estabelecida\u00a0 para apoiar o desenvolvimento\u00a0 de um sistema harmonizado\u00a0 de garantia de qualidade e reconhecimento\u00a0 em n\u00edveis institucional, nacional,regional\u00a0 bem como em n\u00edvel continental Pan-africano. Essa iniciativa\u00a0 implementa-se atualmente por um cons\u00f3rcio que compreende a Universidade de Barcelona(coordenadora) ,\u00a0 a Associa\u00e7\u00e3o das Universidades Africanas (AAU\/AUA), a Associa\u00e7\u00e3o das Universidades Europ\u00e9ias(EUA\/AUE), a Associa\u00e7\u00e3o Europ\u00e9ia para a Garantia de Qualidade no Ensino\u00a0 Superior(ENQA),e\u00a0 o Servi\u00e7o de Interc\u00e2mbio Acad\u00eamico da Alemanha(DAAD). Iniciaram-se as atividades podendo envolver as organiza\u00e7\u00f5es regionais africanas e nacionais importantes, bem como as\u00a0 redes ativas na \u00e1rea de garantia de qualidade e\u00a0 reconhecimento.<\/p>\n<h5><strong><em>Harmoniza\u00e7\u00e3o do ensino superior mediante\u00a0 a Estrat\u00e9gia Conjunta \u00c1frica-UE<\/em><\/strong><\/h5>\n<p>O objetivo geral\u00a0 do trabalho sobre o\u00a0 ensino superior no quadro da\u00a0 Estrat\u00e9gia Conjunta \u00c1frica-UE, \u00e9\u00a0 contribuir\u00a0 para e apoiar a harmoniza\u00e7\u00e3o dos programas de ensino\u00a0 superior.<\/p>\n<p>Objetiva-se \u00a0ainda\u00a0 criar um espa\u00e7o\u00a0 revitalizado, distinto, atrativo e geralmente competitivo para\u00a0 o\u00a0 ensino superior africano, atrav\u00e9s\u00a0 de uma colabora\u00e7\u00e3o intra-africana melhorada.<\/p>\n<p>A experi\u00eancia\u00a0 na \u00e1rea de garantia de qualidade e reconhecimento vivenciada\u00a0\u00a0 na Europa atrav\u00e9s do processo de \u00a0Bolonha e \u00a0o\u00a0 trabalho em curso com as universidades africanas testemunham o\u00a0 interesse\u00a0 e\u00a0 os benef\u00edcios ligados\u00a0 \u00e0 portabilidade de qualifica\u00e7\u00f5es. Alguns\u00a0 desafios principais\u00a0 relativos\u00a0 \u00e0 qualidade e reconhecimento\u00a0 bem como\u00a0 \u00e0 possibilidade\u00a0 de\u00a0 um caminho a seguir foram identificados\u00a0 pelos atores principais\u00a0 \u00a0no decorrer \u00a0duma Confer\u00eancia\u00a0 sobre \u00a0o\u00a0 tema: Explorar a Garantia de Qualidade mediante a Parceria \u00c1frica-UE\u00a0 organizada em Libreville, Gab\u00e3o \u00a0\u00a0em maio de 2013 e \u00a0de um Semin\u00e1rio sobre\u00a0 a Harmoniza\u00e7\u00e3o \u00a0\u00a0\u00a0do \u00a0Ensino Superior da \u00c1frica\u00a0 e \u00a0Tuning \u00a0relativamente aos cr\u00e9ditos e portabilidade de qualifica\u00e7\u00f5es\u00a0 celebrado em Bruxelas em mar\u00e7o de 2014. Isso \u00a0enfatiza-se mais no Roteiro de 2014-2017 conforme\u00a0\u00a0 foi adotado\u00a0 pela 4<sup>a<\/sup> Cimeira UE-\u00c1frica.<\/p>\n<p>Uma Confer\u00eancia Internacional de Estados\u00a0\u00a0 teve lugar em Adis Abeba Eti\u00f3pia, no\u00a0 dia 12 de dezembro de 2014 para examinar\u00a0 e adotar as revis\u00f5es feitas da Conven\u00e7\u00e3o\u00a0 Regional\u00a0 de 1981 sobre o Reconhecimento\u00a0 de Estudos, Certificados, Diplomas, \u00a0Diplomas Universit\u00e1rios e outras Qualifica\u00e7\u00f5es Acad\u00eamicas no Ensino\u00a0 Superior na Regi\u00e3o da \u00c1frica. Consequentemente, a Comiss\u00e3o\u00a0 da Uni\u00e3o Africana est\u00e1\u00a0 trabalhando \u00a0juntamente com a\u00a0 UNESCO para facilitar\u00a0 a ratifica\u00e7\u00e3o da Conven\u00e7\u00e3o de Adis-Abeba ( Conven\u00e7\u00e3o\u00a0 de Adis-Abeba).<\/p>\n<p>Um trabalho paralelo\u00a0 ligado ao\u00a0 desenvolvimento de\u00a0 um Quadro\u00a0 de Garantia de Qualidade e Reconhecimento\u00a0 continental\u00a0 est\u00e1 em andamento\u00a0 com\u00a0 o financiamento pela UE\u00a0 de um estudo\u00a0 sobre\u00a0 um Quadro Pan-africano\u00a0 de Garantia de Qualidade\u00a0 e Reconhecimento (PAQAF)\u00a0 que foi finalizado\u00a0 ap\u00f3s\u00a0 um processo de consulta completo e validado\u00a0 num semin\u00e1rio continental em Acra, Gana em julho de 2015.<\/p>\n<p>Para implementar\u00a0 a Decis\u00e3o\u00a0 do Conselho Executivo da UA respeito \u00e0 \u00a0cria\u00e7\u00e3o\u00a0 de uma Ag\u00eancia continental\u00a0 de Reconhecimento\u00a0\u00a0 em vista do ensino superior, a\u00a0 Comiss\u00e3o da Uni\u00e3o Africana decidiu desenvolver um Quadro Pan-africano\u00a0 de Garantia de Qualidade\u00a0 e Reconhecimento(PAQAF), em colabora\u00e7\u00e3o com a Uni\u00e3o Europ\u00e9ia atrav\u00e9s\u00a0 de\u00a0 duas\u00a0 iniciativas de harmoniza\u00e7\u00e3o.<\/p>\n<p>Essas iniciativas\u00a0 t\u00eam como o\u00a0 objetivo\u00a0 apoiar as culturas institucionais de qualidade, o desenvolvimento dos mecanismos de reconhecimento compat\u00edveis, fortalecer as capacidades entre\u00a0 os \u00f3rg\u00e3os\u00a0 de garantia de qualidade e reconhecimento bem como\u00a0 estabelecer os \u00a0programas de \u00a0\u00a0diplomas universit\u00e1rios renovados, os m\u00e9todos de ensino e aprendizagem comuns, \u00a0cr\u00e9ditos e as ferramentas de avalia\u00e7\u00e3o, e os acordos conjuntos entre as universidades.<strong><em>\u00a0<\/em><\/strong><\/p>\n<h5><strong><em>O que \u00e9 que\u00a0 o PAQAF?\u00a0\u00a0\u00a0\u00a0\u00a0\u00a0\u00a0\u00a0\u00a0 <\/em><\/strong><\/h5>\n<p>A Uni\u00e3o Africana\u00a0 apoia \u00a0a harmoniza\u00e7\u00e3o do ensino superior em todo \u00a0o continente africano. A Comiss\u00e3o da Uni\u00e3o Africana(CUA)\u00a0 realiza isso\u00a0 fornecendo apoio \u00e0s\u00a0 iniciativas para:<\/p>\n<p>1) a promo\u00e7\u00e3o do desenvolvimento\u00a0 de um curr\u00edculo conjunto,<\/p>\n<p>2) a facilita\u00e7\u00e3o\u00a0 do reconhecimento das qualifica\u00e7\u00f5es\u00a0 e \u00a0mobilidade intra-africana e<\/p>\n<p>3) a\u00a0 promo\u00e7\u00e3o\u00a0\u00a0 do desenvolvimento\u00a0 dos mecanismos\u00a0 de garantia de qualidade \u00a0harmonizados no ensino superior da \u00c1frica.<\/p>\n<p>As principais ferramentas aprovadas pela CUA em vista da implementa\u00e7\u00e3o dessas iniciativas s\u00e3o:<\/p>\n<ol>\n<li>a Convenc\u00e3o de Arusha revista(Conven\u00e7\u00e3o\u00a0 de Adis Abeba) para o reconhecimento dos estudos atrav\u00e9s das fronteiras, e<\/li>\n<li>o Mecanismo Africano de Classifica\u00e7\u00e3o de Qualidade (AQRM)<\/li>\n<\/ol>\n<p>&#8220;<strong>PAQAF&#8221;<\/strong>&#8211; <strong>O Quadro Pan-africano de\u00a0 Garantia de Qualidade e Reconhecimento,<\/strong> aprovado pela CUA\u00a0 mendiante\u00a0 os seus comit\u00eas e Conselho, constitui o quadro principal para alguns compromissos relativos \u00e0s atividades \u00a0de garantia de qualidade na \u00c1frica. A implementa\u00e7\u00e3o da Conven\u00e7\u00e3o\u00a0 de Adis Abeba e o AQRM\u00a0 formam uma parte desse quadro,\u00a0 assim como os compromissos\u00a0 visando\u00a0 a elebora\u00e7\u00e3o das Normas e Diretrizes Africanas\u00a0 para a Garantia de Qualidade, \u00a0e o desenvolvimento de um Sistema Africano de Transfer\u00eancia de Cr\u00e9ditos e\u00a0 um registro continental destinado \u00e0s ag\u00eancias de garantia de qualidade e \u00f3rg\u00e3os nacionais. Dado \u00a0que muitos aspectos do PAQAF\u00a0 ainda n\u00e3o tenham sido desenvolvidos, a Iniciativa\u00a0 HAQAA considera-se\u00a0 como\u00a0 um meio de\u00a0 contribuir para \u00a0a sua implementa\u00e7\u00e3o.<\/p>\n","protected":false},"excerpt":{"rendered":"<p>A Iniciativa HAQAA, fundada pela\u00a0 Uni\u00e3o Europ\u00e9ia em parceria com a Uni\u00e3o Africana,\u00a0 foi estabelecida\u00a0 para apoiar o desenvolvimento\u00a0 de um sistema harmonizado\u00a0 de garantia de qualidade e reconhecimento\u00a0 em n\u00edveis institucional, nacional,regional\u00a0 bem como em n\u00edvel continental Pan-africano. Essa iniciativa\u00a0 implementa-se atualmente por um cons\u00f3rcio que compreende a Universidade de Barcelona(coordenadora) ,\u00a0 a Associa\u00e7\u00e3o das Universidades Africanas (AAU\/AUA), a &#8230; <\/p>\n<div><a href=\"https:\/\/haqaa.aau.org\/pt-pt\/sobre\/fundo\/\" class=\"more-link\">Read More<\/a><\/div>\n","protected":false},"author":1,"featured_media":0,"parent":866,"menu_order":0,"comment_status":"closed","ping_status":"closed","template":"template-layout-full-width.php","meta":{"footnotes":""},"class_list":["post-868","page","type-page","status-publish","hentry","no-post-thumbnail"],"_links":{"self":[{"href":"https:\/\/haqaa.aau.org\/pt-pt\/wp-json\/wp\/v2\/pages\/868","targetHints":{"allow":["GET"]}}],"collection":[{"href":"https:\/\/haqaa.aau.org\/pt-pt\/wp-json\/wp\/v2\/pages"}],"about":[{"href":"https:\/\/haqaa.aau.org\/pt-pt\/wp-json\/wp\/v2\/types\/page"}],"author":[{"embeddable":true,"href":"https:\/\/haqaa.aau.org\/pt-pt\/wp-json\/wp\/v2\/users\/1"}],"replies":[{"embeddable":true,"href":"https:\/\/haqaa.aau.org\/pt-pt\/wp-json\/wp\/v2\/comments?post=868"}],"version-history":[{"count":1,"href":"https:\/\/haqaa.aau.org\/pt-pt\/wp-json\/wp\/v2\/pages\/868\/revisions"}],"predecessor-version":[{"id":871,"href":"https:\/\/haqaa.aau.org\/pt-pt\/wp-json\/wp\/v2\/pages\/868\/revisions\/871"}],"up":[{"embeddable":true,"href":"https:\/\/haqaa.aau.org\/pt-pt\/wp-json\/wp\/v2\/pages\/866"}],"wp:attachment":[{"href":"https:\/\/haqaa.aau.org\/pt-pt\/wp-json\/wp\/v2\/media?parent=868"}],"curies":[{"name":"wp","href":"https:\/\/api.w.org\/{rel}","templated":true}]}}