{"id":874,"date":"2017-01-27T10:08:56","date_gmt":"2017-01-27T10:08:56","guid":{"rendered":"http:\/\/www.aau.org\/haqaa\/?page_id=874\/"},"modified":"2017-01-30T09:19:20","modified_gmt":"2017-01-30T09:19:20","slug":"atividades","status":"publish","type":"page","link":"https:\/\/haqaa.aau.org\/pt-pt\/atividades\/","title":{"rendered":"Atividades"},"content":{"rendered":"<h3><em>Atividades<\/em><\/h3>\n<p>O perfil das atividades \u00a0\u00a0\u00e9 o \u00a0seguinte:<\/p>\n<p><strong>Fase 1: Desenvolver um entendimento comum da QA na \u00c1frica (Janeiro de 2016-Junho de 2017)<\/strong><strong>\u00a0<\/strong><\/p>\n<ol>\n<li><strong>1<\/strong>. <a href=\"https:\/\/www.aau.org\/haqaa\/call-for-applications-for-the-training-course-developing-a-common-understanding-for-quality-assurance-in-africa\/\"><u>Dois (2) Cursos de Forma\u00e7\u00e3o relativos \u00e0\u00a0\u00a0 uma\u00a0 &#8220;linguagem comum da QA&#8221; que vise\u00a0 os\u00a0 atores principais e disseminadores\u00a0 da QA africana<\/u><\/a><\/li>\n<li>Cria\u00e7\u00e3o de uma Plataforma de QA africana online<\/li>\n<li>Consolida\u00e7\u00e3o de <u>uma rede de especialistas<\/u> na QA africana, que compreenda\u00a0 uma diversidade de atores principais, e \u00a0agrupe\u00a0 as redes \/bancos de dados existentes de especialistas para a QA<\/li>\n<li>Relat\u00f3rio de catografia sobre\u00a0 as\u00a0 &#8220;Normas e Diretrizes&#8221; atuais\/existentes\u00a0 da \u00a0QA africana (em n\u00edveis Nacional, e da \u00c1frica do Leste e Ocidental)<\/li>\n<\/ol>\n<p>&nbsp;<\/p>\n<p><strong>Fase 2:\u00a0 Para um Sistema\u00a0 Pan-Africano de QA e Reconhecimento: Elaborar as Normas e Diretrizes\u00a0\u00a0 Africanas \u00a0em vista da garantia de qualidade(ASG)\u00a0 e refor\u00e7ar\u00a0 a QA institucional &#8220;interna&#8221;(Junho de 2016 -Junho de 2017)<\/strong><\/p>\n<ol>\n<li>Grupo de Trabalho T\u00e9cnico para elaborar as ASG, apoiado\u00a0 pelo\u00a0 Conselho Consultivo<\/li>\n<li>Consulta online para\u00a0 as ASG<\/li>\n<li>Semin\u00e1rio continental para a aprova\u00e7\u00e3o<\/li>\n<li>Semin\u00e1rio(s) de forma\u00e7\u00e3o sobre a auto-avalia\u00e7\u00e3o institucional, arraigada nas ASG<\/li>\n<\/ol>\n<p>&nbsp;<\/p>\n<p><strong>Fase 3: Consolidar \u00a0a\u00a0 &#8220;cultura de qualidade &#8221; na \u00c1frica (Fevereiro de 2017-Abril de 2018)<\/strong><\/p>\n<ol>\n<li>Visitas \u00e0s ag\u00eancias\/&#8221;org\u00e3os da QA africanos selecionados, promover \u00a0a aceita\u00e7\u00e3o e\u00a0 ensaio das ASG-&#8221; Visitas de Consulta e\u00a0 a &#8220;avalia\u00e7\u00e3o de ag\u00eancias&#8221;<\/li>\n<li>Semin\u00e1rio sobre o desenvolvimento do pessoal da ag\u00eancia de QA.<\/li>\n<li>Apoio \u00e0 cultura de qualidade institucional mediante as avalia\u00e7\u00f5es institucionais,\u00a0 refor\u00e7o de capacidades\u00a0 para\u00a0 a\u00a0 auto-avalia\u00e7\u00e3o institucional.<\/li>\n<li>Promover a AQRM\u00a0 como\u00a0 uma ferramenta de auto-avalia\u00e7\u00e3o.<\/li>\n<\/ol>\n<p>&nbsp;<\/p>\n<p><strong>Fase 4: Sustentabilidade\u00a0 e\u00a0 um maior desenvolvimento\u00a0 do Sistema Pan-Africano de GQ e Reconhecimento( fevereiro de 2018-setembro de 2018)<\/strong><strong>\u00a0<\/strong><\/p>\n<ol>\n<li>Aprova\u00e7\u00e3o de um modelo\u00a0 de avalia\u00e7\u00e3o externa para as ag\u00eancias de GQ na \u00c1frica ( conforme proposto pelo\u00a0 Grupo\u00a0 de Trabalho T\u00e9cnico)<\/li>\n<li>Confer\u00eancia regional, refor\u00e7ar o PAQAF&#8221; como um f\u00f3rum continental anual<\/li>\n<li>Consolida\u00e7\u00e3o da Plataforma\/Banco de dados da GQ africano e o Centro de\u00a0 Fortalecimento\u00a0 de\u00a0 Capacidades\u00a0 como\u00a0 as principais \u00a0ferramentas e \u00a0estruturas continentais<\/li>\n<\/ol>\n","protected":false},"excerpt":{"rendered":"<p>Atividades O perfil das atividades \u00a0\u00a0\u00e9 o \u00a0seguinte: Fase 1: Desenvolver um entendimento comum da QA na \u00c1frica (Janeiro de 2016-Junho de 2017)\u00a0 1. Dois (2) Cursos de Forma\u00e7\u00e3o relativos \u00e0\u00a0\u00a0 uma\u00a0 &#8220;linguagem comum da QA&#8221; que vise\u00a0 os\u00a0 atores principais e disseminadores\u00a0 da QA africana Cria\u00e7\u00e3o de uma Plataforma de QA africana online Consolida\u00e7\u00e3o de uma rede de especialistas &#8230; <\/p>\n<div><a href=\"https:\/\/haqaa.aau.org\/pt-pt\/atividades\/\" class=\"more-link\">Read More<\/a><\/div>\n","protected":false},"author":1,"featured_media":0,"parent":0,"menu_order":0,"comment_status":"closed","ping_status":"closed","template":"template-layout-full-width.php","meta":{"footnotes":""},"class_list":["post-874","page","type-page","status-publish","hentry","no-post-thumbnail"],"_links":{"self":[{"href":"https:\/\/haqaa.aau.org\/pt-pt\/wp-json\/wp\/v2\/pages\/874","targetHints":{"allow":["GET"]}}],"collection":[{"href":"https:\/\/haqaa.aau.org\/pt-pt\/wp-json\/wp\/v2\/pages"}],"about":[{"href":"https:\/\/haqaa.aau.org\/pt-pt\/wp-json\/wp\/v2\/types\/page"}],"author":[{"embeddable":true,"href":"https:\/\/haqaa.aau.org\/pt-pt\/wp-json\/wp\/v2\/users\/1"}],"replies":[{"embeddable":true,"href":"https:\/\/haqaa.aau.org\/pt-pt\/wp-json\/wp\/v2\/comments?post=874"}],"version-history":[{"count":2,"href":"https:\/\/haqaa.aau.org\/pt-pt\/wp-json\/wp\/v2\/pages\/874\/revisions"}],"predecessor-version":[{"id":917,"href":"https:\/\/haqaa.aau.org\/pt-pt\/wp-json\/wp\/v2\/pages\/874\/revisions\/917"}],"wp:attachment":[{"href":"https:\/\/haqaa.aau.org\/pt-pt\/wp-json\/wp\/v2\/media?parent=874"}],"curies":[{"name":"wp","href":"https:\/\/api.w.org\/{rel}","templated":true}]}}