{"id":881,"date":"2017-01-27T11:35:55","date_gmt":"2017-01-27T11:35:55","guid":{"rendered":"http:\/\/www.aau.org\/haqaa\/?page_id=881\/"},"modified":"2017-01-27T11:58:35","modified_gmt":"2017-01-27T11:58:35","slug":"pagina-inicial","status":"publish","type":"page","link":"https:\/\/haqaa.aau.org\/pt-pt\/","title":{"rendered":"P\u00e1gina Inicial"},"content":{"rendered":"<div id=\"x-section-1\" class=\"x-section\" style=\"margin: 0px 0px 0px 0px; padding: 45px 0px 45px 0px;  background-color: transparent;\" ><div id=\"\" class=\"x-container\" style=\"margin: 0px auto 0px auto; padding: 0px 0px 0px 0px; \" ><div  class=\"x-column x-sm x-1-1\" style=\"padding: 0px 0px 0px 0px; \" ><h1  class=\"h-custom-headline center-text  h2 accent\" ><span>Sobre a Iniciativa HAQAA<\/span><\/h1><div id=\"\" class=\"x-text center-text\" style=\"\" ><p style=\"text-align: justify;\">A Iniciativa HAQAA, fundada pela Uni\u00e3o Europ\u00e9ia em parceria com a Uni\u00e3o Africana, foi estabelecida para apoiar o desenvolvimento de um sistema harmonizado de garantia de qualidade e reconhecimento em n\u00edveis institucional, nacional,regional bem como em n\u00edvel continental Pan-africano. Essa iniciativa implementa-se atualmente por um cons\u00f3rcio que compreende a Universidade de Barcelona(coordenadora) , a Associa\u00e7\u00e3o das Universidades Africanas (AAU\/AUA), a Associa\u00e7\u00e3o das Universidades Europ\u00e9ias(EUA\/AUE), a Associa\u00e7\u00e3o Europ\u00e9ia para a Garantia de Qualidade no Ensino Superior(ENQA),e o Servi\u00e7o de Interc\u00e2mbio Acad\u00eamico da Alemanha(DAAD). Iniciaram-se as atividades podendo envolver as organiza\u00e7\u00f5es regionais africanas e nacionais importantes, bem como as redes ativas na \u00e1rea de garantia de qualidade e reconhecimento.<\/p>\n<\/div><hr  class=\"x-hr\" ><\/div><\/div><\/div><div id=\"x-section-2\" class=\"x-section\" style=\"margin: 0px 0px 0px 0px; padding: 45px 0px 45px 0px;  background-color: transparent;\" ><div id=\"\" class=\"x-container\" style=\"margin: 0px auto 0px auto; padding: 0px 0px 0px 0px; \" ><div  class=\"x-column x-sm x-1-3\" style=\"padding: 0px 0px 0px 0px; \" ><div  class=\"x-card-outer flip-from-left center-vertically\" data-x-element=\"classic_card\"><div class=\"x-card-inner\"><div class=\"x-face-outer front\" style=\"border-width: 8px 8px 8px 8px; border-style: double; border-color: #2772a4; color: #ffffff; background-color: #3498db;\"><div class=\"x-face-inner\"><div class=\"x-face-content\" style=\"padding: 10% 10% 10% 10%;\"><div class=\"x-face-graphic\"><i style=\"margin: 0; font-size: 36px; color: #ffffff;\" class=\"x-icon-book\" data-x-icon-s=\"&#xf02d;\"><\/i><\/div><h4 class=\"x-face-title\">Call for Abstracts<\/h4><p class=\"x-face-text\">The AAU invites authors to submit papers on the general conference theme and sub-themes<\/p><\/div><\/div><\/div><div class=\"x-face-outer back\" style=\"border-width: 8px 8px 8px 8px; border-style: solid; border-color: #59d600; color: #000000; background-color: #81d742;\"><div class=\"x-face-inner\"><div class=\"x-face-content\" style=\"padding: 10% 10% 10% 10%;\"><h4 class=\"x-face-title\">HAQAA Initiative Training Course<\/h4><p class=\"x-face-text\">Click here to read more about this call for papers<\/p><a class=\"x-face-button\" style=\"color: #6b6b6b; background-color: #97d66b;\" href=\"https:\/\/www.aau.org\/appgencon\/\">Lets Go!<\/a><\/div><\/div><\/div><\/div><\/div><\/div><div  class=\"x-column x-sm x-1-3\" style=\"padding: 0px 0px 0px 0px; \" ><div  class=\"x-card-outer flip-from-top center-vertically\" data-x-element=\"classic_card\"><div class=\"x-card-inner\"><div class=\"x-face-outer front\" style=\"border-width: 8px 8px 8px 8px; border-style: double; border-color: #2772a4; color: #ffffff; background-color: #3498db;\"><div class=\"x-face-inner\"><div class=\"x-face-content\" style=\"padding: 10% 10% 10% 10%;\"><div class=\"x-face-graphic\"><i style=\"margin: 0; font-size: 36px; color: #ffffff;\" class=\"x-icon-database\" data-x-icon-s=\"&#xf1c0;\"><\/i><\/div><h4 class=\"x-face-title\">Join our QA Database<\/h4><p class=\"x-face-text\">The HAQAA Initiative has setup a Quality Assurance Database for all Quality Assurance people <\/p><\/div><\/div><\/div><div class=\"x-face-outer back\" style=\"border-width: 8px 8px 8px 8px; border-style: solid; border-color: #59d600; color: #ffffff; background-color: #81d742;\"><div class=\"x-face-inner\"><div class=\"x-face-content\" style=\"padding: 10% 10% 10% 10%;\"><h4 class=\"x-face-title\">QA Database<\/h4><p class=\"x-face-text\">Click here to fill the registration form to join the Quality Assurance Database<\/p><a class=\"x-face-button\" style=\"color: #000000; background-color: #a0d67a;\" href=\"https:\/\/www.aau.org\/haqaa\/registration\/\">Join Us!<\/a><\/div><\/div><\/div><\/div><\/div><\/div><div  class=\"x-column x-sm x-1-3\" style=\"padding: 0px 0px 0px 0px; \" ><div  class=\"x-card-outer flip-from-right center-vertically\" data-x-element=\"classic_card\"><div class=\"x-card-inner\"><div class=\"x-face-outer front\" style=\"border-width: 8px 8px 8px 8px; border-style: double; border-color: #2772a4; color: #ffffff; background-color: #3498db;\"><div class=\"x-face-inner\"><div class=\"x-face-content\" style=\"padding: 10% 10% 10% 10%;\"><div class=\"x-face-graphic\"><i style=\"margin: 0; font-size: 36px; color: #ffffff;\" class=\"x-icon-legal\" data-x-icon-s=\"&#xf0e3;\"><\/i><\/div><h4 class=\"x-face-title\">Governance Structure<\/h4><p class=\"x-face-text\">The HAQAA Initiative has a solid structure of its Governance which assists in its progress and reach<\/p><\/div><\/div><\/div><div class=\"x-face-outer back\" style=\"border-width: 8px 8px 8px 8px; border-style: solid; border-color: #59d600; color: #ffffff; background-color: #81d742;\"><div class=\"x-face-inner\"><div class=\"x-face-content\" style=\"padding: 10% 10% 10% 10%;\"><h4 class=\"x-face-title\">Governance Structure<\/h4><p class=\"x-face-text\">Click here to see the governance structure of the HAQAA Initiative<\/p><a class=\"x-face-button\" style=\"color: #ffffff; background-color: #a0d67a;\" href=\"https:\/\/www.aau.org\/haqaa\/about\/governance\/\">Click Me!<\/a><\/div><\/div><\/div><\/div><\/div><\/div><\/div><\/div><div id=\"x-section-3\" class=\"x-section\" style=\"margin: 0px 0px 0px 0px; padding: 45px 0px 45px 0px;  background-color: transparent;\" ><div id=\"\" class=\"x-container\" style=\"margin: 0px auto 0px auto; padding: 0px 0px 0px 0px; \" ><div  class=\"x-column x-sm x-1-1\" style=\"padding: 0px 0px 0px 0px; \" ><h2  class=\"h-custom-headline center-text  h3 accent\" ><span>Uma Iniciativa Fundada pela<\/span><\/h2><\/div><\/div><div id=\"\" class=\"x-container\" style=\"margin: 0px auto 0px auto; padding: 0px 0px 0px 0px; \" ><div  class=\"x-column x-sm x-1-3\" style=\"padding: 0px 0px 0px 0px; \" ><img decoding=\"async\"  class=\"x-img x-img-none\"  src=\"https:\/\/www.aau.org\/haqaa\/wp-content\/uploads\/2016\/11\/eu.jpg\" ><\/div><div  class=\"x-column x-sm x-1-3\" style=\"padding: 0px 0px 0px 0px; \" ><img decoding=\"async\"  class=\"x-img x-img-none\"  src=\"https:\/\/www.aau.org\/haqaa\/wp-content\/uploads\/2016\/05\/AEU-new-01-01.jpg\" ><\/div><div  class=\"x-column x-sm x-1-3\" style=\"padding: 0px 0px 0px 0px; \" ><img decoding=\"async\"  class=\"x-img x-img-none\"  src=\"https:\/\/www.aau.org\/haqaa\/wp-content\/uploads\/2016\/05\/AEU-01.jpg\" ><\/div><\/div><div id=\"\" class=\"x-container\" style=\"margin: 0px auto 0px auto; padding: 0px 0px 0px 0px; \" ><div  class=\"x-column x-sm x-1-3\" style=\"padding: 0px 0px 0px 0px; \" ><div id=\"\" class=\"x-text\" style=\"\" ><h5 style=\"text-align: center;\">\u00a0Uni\u00e3o Europ\u00e9ia<\/h5>\n<\/div><\/div><div  class=\"x-column x-sm x-1-3\" style=\"padding: 0px 0px 0px 0px; \" ><div id=\"\" class=\"x-text\" style=\"\" ><h5 style=\"text-align: center;\">Uni\u00e3o Africana<\/h5>\n<\/div><\/div><div  class=\"x-column x-sm x-1-3\" style=\"padding: 0px 0px 0px 0px; \" ><div id=\"\" class=\"x-text\" style=\"\" ><h5 style=\"text-align: center;\">Parceria Estrat\u00e9gica \u00c1frica-UE da<\/h5>\n<\/div><\/div><\/div><\/div><div id=\"x-section-4\" class=\"x-section\" style=\"margin: 0px 0px 0px 0px; padding: 45px 0px 45px 0px;  background-color: transparent;\" ><div id=\"\" class=\"x-container\" style=\"margin: 0px auto 0px auto; padding: 0px 0px 0px 0px; \" ><div  class=\"x-column x-sm x-1-3\" style=\"padding: 0px 0px 0px 0px; \" >\n<div  class=\"x-counter\" data-x-element-counter=\"{&quot;to&quot;:&quot;54&quot;,&quot;speed&quot;:&quot;1500ms&quot;,&quot;selector&quot;:&quot;.number&quot;}\" ><span class=\"text-above\" >Trabalhamos com <\/span><div class=\"number-wrap w-h\" ><span class=\"number\">0<\/span><\/div><span class=\"text-below\" >pa\u00edses<\/span><\/div>\n<\/div><div  class=\"x-column x-sm x-1-3\" style=\"padding: 0px 0px 0px 0px; \" >\n<div  class=\"x-counter\" data-x-element-counter=\"{&quot;to&quot;:&quot;5&quot;,&quot;speed&quot;:&quot;1500ms&quot;,&quot;selector&quot;:&quot;.number&quot;}\" ><span class=\"text-above\" >N\u00f3s temos <\/span><div class=\"number-wrap w-h\" ><span class=\"number\">0<\/span><\/div><span class=\"text-below\" >\u00f3rg\u00e3os  de execu\u00e7\u00e3o<\/span><\/div><\/div>\n<div  class=\"x-column x-sm x-1-3\" style=\"padding: 0px 0px 0px 0px; \" >\n<div  class=\"x-counter\" data-x-element-counter=\"{&quot;to&quot;:&quot;2&quot;,&quot;speed&quot;:&quot;1500ms&quot;,&quot;selector&quot;:&quot;.number&quot;}\" ><span class=\"text-above\" >N\u00f3s conectamos dois<\/span><div class=\"number-wrap w-h\" ><span class=\"number\">0<\/span><\/div><span class=\"text-below\" >grandes continentes<\/span><\/div><\/div>\n<\/div>\n<\/div>\n<div id=\"x-section-5\" class=\"x-section\" style=\"margin: 0px 0px 0px 0px; padding: 45px 0px 45px 0px;  background-color: transparent;\" ><div id=\"\" class=\"x-container\" style=\"margin: 0px auto 0px auto; padding: 0px 0px 0px 0px; \" ><div  class=\"x-column x-sm x-1-1\" style=\"padding: 0px 0px 0px 0px; \" ><hr  class=\"x-hr\" ><h2  class=\"h-custom-headline center-text  h3 accent\" ><span>\u00daltimas not\u00edcias<\/span><\/h2><div  class=\"x-recent-posts cf horizontal\"  data-x-element=\"recent_posts\" data-x-params=\"{&quot;fade&quot;:true}\" data-fade=\"true\" ><a class=\"x-recent-post4 with-image\" href=\"https:\/\/haqaa.aau.org\/pt-pt\/consulta-asg-qa\/\" title=\"Permalink to: &quot;Consulta ASG-QA&quot;\"><article id=\"post-1153\" class=\"post-1153 post type-post status-publish format-standard has-post-thumbnail hentry category-sem-categoria\"><div class=\"entry-wrap\"><div class=\"x-recent-posts-img\" style=\"background-image: url(https:\/\/haqaa.aau.org\/wp-content\/uploads\/2016\/04\/haqaa.png);\"><i class='x-framework-icon x-recent-posts-icon' data-x-icon-s='&#xf15c;' aria-hidden=true><\/i><\/div><div class=\"x-recent-posts-content\"><h3 class=\"h-recent-posts\">Consulta ASG-QA<\/h3><span class=\"x-recent-posts-date\">Junho 23, 2017<\/span><\/div><\/div><\/article><\/a><\/div><a  class=\"x-btn x-btn-small x-btn-block\"  href=\"https:\/\/www.aau.org\/haqaa\/news\/\"  target=\"_blank\" rel=\"\"   data-options=\"thumbnail: ''\">Veja mais<\/a><hr  class=\"x-hr\" ><h2  class=\"h-custom-headline center-text  h3 accent\" ><span>Galeria<\/span><\/h2><div class=\"x-flexslider-shortcode-container with-container\"><div  class=\"x-flexslider x-flexslider-shortcode x-flexslider-shortcode-1\" data-x-element-slider=\"{&quot;animation&quot;:&quot;slide&quot;,&quot;reverse&quot;:false,&quot;slideTime&quot;:&quot;7000&quot;,&quot;slideSpeed&quot;:&quot;1000&quot;,&quot;controlNav&quot;:false,&quot;prevNextNav&quot;:true,&quot;slideshow&quot;:true,&quot;random&quot;:true,&quot;touch&quot;:true,&quot;pauseOnHover&quot;:false}\" ><ul class=\"x-slides\"><li  class=\"x-slide\" ><a href=\"https:\/\/www.aau.org\/haqaa\/wp-content\/uploads\/2016\/10\/IMG_0027.jpg\"><img loading=\"lazy\" decoding=\"async\" class=\"aligncenter size-large wp-image-551\" src=\"https:\/\/www.aau.org\/haqaa\/wp-content\/uploads\/2016\/10\/IMG_0027-1024x768.jpg\" alt=\"img_0027\" width=\"800\" height=\"450\" \/><\/a><\/li><li  class=\"x-slide\" ><img loading=\"lazy\" decoding=\"async\" class=\"alignnone size-full\" src=\"https:\/\/www.aau.org\/haqaa\/wp-content\/uploads\/2016\/11\/5.jpg\" alt=\"\" width=\"800\" height=\"450\" \/><\/li><li  class=\"x-slide\" >\n<p><a href=\"https:\/\/www.aau.org\/haqaa\/wp-content\/uploads\/2016\/05\/4.jpg\"><img loading=\"lazy\" decoding=\"async\" class=\"alignright size-full wp-image-217\" src=\"https:\/\/www.aau.org\/haqaa\/wp-content\/uploads\/2016\/05\/4.jpg\" alt=\"Advisory Board Meeting\" width=\"800\" height=\"450\" srcset=\"https:\/\/haqaa.aau.org\/wp-content\/uploads\/2016\/05\/4.jpg 800w, https:\/\/haqaa.aau.org\/wp-content\/uploads\/2016\/05\/4-300x169.jpg 300w, https:\/\/haqaa.aau.org\/wp-content\/uploads\/2016\/05\/4-768x432.jpg 768w, https:\/\/haqaa.aau.org\/wp-content\/uploads\/2016\/05\/4-500x281.jpg 500w\" sizes=\"auto, (max-width: 800px) 100vw, 800px\" \/><\/a><\/p>\n<\/li><li  class=\"x-slide\" >\n<p><a href=\"https:\/\/www.aau.org\/haqaa\/wp-content\/uploads\/2016\/05\/3.jpg\"><img loading=\"lazy\" decoding=\"async\" class=\"alignright size-full wp-image-216\" src=\"https:\/\/www.aau.org\/haqaa\/wp-content\/uploads\/2016\/05\/3.jpg\" alt=\"Advisory Board Meeting\" width=\"800\" height=\"450\" srcset=\"https:\/\/haqaa.aau.org\/wp-content\/uploads\/2016\/05\/3.jpg 800w, https:\/\/haqaa.aau.org\/wp-content\/uploads\/2016\/05\/3-300x169.jpg 300w, https:\/\/haqaa.aau.org\/wp-content\/uploads\/2016\/05\/3-768x432.jpg 768w, https:\/\/haqaa.aau.org\/wp-content\/uploads\/2016\/05\/3-500x281.jpg 500w\" sizes=\"auto, (max-width: 800px) 100vw, 800px\" \/><\/a><\/p>\n<\/li><li  class=\"x-slide\" >\n<p><a href=\"https:\/\/www.aau.org\/haqaa\/wp-content\/uploads\/2016\/05\/2.jpg\"><img loading=\"lazy\" decoding=\"async\" class=\"alignright size-full wp-image-215\" src=\"https:\/\/www.aau.org\/haqaa\/wp-content\/uploads\/2016\/05\/2.jpg\" alt=\"Advisory Board Meeting\" width=\"800\" height=\"450\" srcset=\"https:\/\/haqaa.aau.org\/wp-content\/uploads\/2016\/05\/2.jpg 800w, https:\/\/haqaa.aau.org\/wp-content\/uploads\/2016\/05\/2-300x169.jpg 300w, https:\/\/haqaa.aau.org\/wp-content\/uploads\/2016\/05\/2-768x432.jpg 768w, https:\/\/haqaa.aau.org\/wp-content\/uploads\/2016\/05\/2-500x281.jpg 500w\" sizes=\"auto, (max-width: 800px) 100vw, 800px\" \/><\/a><\/p>\n<\/li><li  class=\"x-slide\" >\n<p><a href=\"https:\/\/www.aau.org\/haqaa\/wp-content\/uploads\/2016\/05\/1.jpg\"><img loading=\"lazy\" decoding=\"async\" class=\"alignright size-full wp-image-214\" src=\"https:\/\/www.aau.org\/haqaa\/wp-content\/uploads\/2016\/05\/1.jpg\" alt=\"Advisory Board Meeting\" width=\"800\" height=\"450\" srcset=\"https:\/\/haqaa.aau.org\/wp-content\/uploads\/2016\/05\/1.jpg 800w, https:\/\/haqaa.aau.org\/wp-content\/uploads\/2016\/05\/1-300x169.jpg 300w, https:\/\/haqaa.aau.org\/wp-content\/uploads\/2016\/05\/1-768x432.jpg 768w, https:\/\/haqaa.aau.org\/wp-content\/uploads\/2016\/05\/1-500x281.jpg 500w\" sizes=\"auto, (max-width: 800px) 100vw, 800px\" \/><\/a><\/p>\n<\/li><\/ul><\/div><\/div><a  class=\"x-btn x-btn-small x-btn-block\"  href=\"https:\/\/flic.kr\/s\/aHskQDdVW6\"  target=\"_blank\" rel=\"\"   data-options=\"thumbnail: ''\">Ver mais fotos<\/a><\/div><\/div><\/div><div id=\"x-section-6\" class=\"x-section\" style=\"margin: 0px 0px 0px 0px; padding: 45px 0px 45px 0px;  background-color: transparent;\" ><div id=\"\" class=\"x-container\" style=\"margin: 0px auto 0px auto; padding: 0px 0px 0px 0px; \" ><div  class=\"x-column x-sm x-1-1\" style=\"padding: 0px 0px 0px 0px; \" ><h2  class=\"h-custom-headline center-text  h3 accent\" ><span>Cons\u00f3rcio de Implementa\u00e7\u00e3o <\/span><\/h2><\/div><\/div><\/div><div id=\"x-section-7\" class=\"x-section\" style=\"margin: 0px 0px 0px 0px; padding: 45px 0px 45px 0px;  background-color: transparent;\" ><div id=\"\" class=\"x-container\" style=\"margin: 0px auto 0px auto; padding: 0px 0px 0px 0px; \" ><div  class=\"x-column x-sm x-1-5\" style=\"padding: 0px 0px 0px 0px; \" ><img decoding=\"async\"  class=\"x-img x-img-thumbnail\"  src=\"https:\/\/www.aau.org\/haqaa\/wp-content\/uploads\/2016\/05\/AAu-logo-Transparent-01-01.jpg\" ><\/div><div  class=\"x-column x-sm x-1-5\" style=\"padding: 0px 0px 0px 0px; \" ><img decoding=\"async\"  class=\"x-img x-img-thumbnail\"  src=\"https:\/\/www.aau.org\/haqaa\/wp-content\/uploads\/2016\/05\/DAAD-01.jpg\" ><\/div><div  class=\"x-column x-sm x-1-5\" style=\"padding: 0px 0px 0px 0px; \" ><img decoding=\"async\"  class=\"x-img x-img-thumbnail\"  src=\"https:\/\/www.aau.org\/haqaa\/wp-content\/uploads\/2016\/05\/UB-01-01-01.jpg\" ><\/div><div  class=\"x-column x-sm x-1-5\" style=\"padding: 0px 0px 0px 0px; \" ><img decoding=\"async\"  class=\"x-img x-img-thumbnail\"  src=\"https:\/\/www.aau.org\/haqaa\/wp-content\/uploads\/2016\/05\/EUA-01.jpg\" ><\/div><div  class=\"x-column x-sm x-1-5\" style=\"padding: 0px 0px 0px 0px; \" ><img decoding=\"async\"  class=\"x-img x-img-thumbnail\"  src=\"https:\/\/www.aau.org\/haqaa\/wp-content\/uploads\/2016\/05\/ENQA_logo-01.jpg\" ><\/div><\/div><div id=\"\" class=\"x-container\" style=\"margin: 0px auto 0px auto; padding: 0px 0px 0px 0px; \" ><div  class=\"x-column x-sm x-1-5\" style=\"padding: 0px 0px 0px 0px; \" ><div id=\"\" class=\"x-text\" style=\"\" ><p style=\"text-align: center;\">Associa\u00e7\u00e3o das Universidades Africanas<br \/>\n(AUA)<\/p>\n<\/div><\/div><div  class=\"x-column x-sm x-1-5\" style=\"padding: 0px 0px 0px 0px; \" ><div id=\"\" class=\"x-text\" style=\"\" ><p style=\"text-align: center;\">DAAD (Servi\u00e7o de Interc\u00e2mbio Acad\u00eamico da Alemanha)<\/p>\n<\/div><\/div><div  class=\"x-column x-sm x-1-5\" style=\"padding: 0px 0px 0px 0px; \" ><div id=\"\" class=\"x-text\" style=\"\" ><p style=\"text-align: center;\">Universidade de Barcelona<br \/>\n<strong>(Coordenador)<\/strong><\/p>\n<\/div><\/div><div  class=\"x-column x-sm x-1-5\" style=\"padding: 0px 0px 0px 0px; \" ><div id=\"\" class=\"x-text\" style=\"\" ><p style=\"text-align: center;\">Associa\u00e7\u00e3o das Universidades Europ\u00e9ias(AUE)<\/p>\n<\/div><\/div><div  class=\"x-column x-sm x-1-5\" style=\"padding: 0px 0px 0px 0px; \" ><div id=\"\" class=\"x-text\" style=\"\" ><p style=\"text-align: center;\">Associa\u00e7\u00e3o Europ\u00e9ia de Garantia de Qualidade no Ensino Superior\u00a0(ENQA)<\/p>\n<\/div><\/div><\/div><\/div>\n","protected":false},"excerpt":{"rendered":"","protected":false},"author":1,"featured_media":0,"parent":0,"menu_order":0,"comment_status":"closed","ping_status":"closed","template":"template-layout-full-width.php","meta":{"footnotes":""},"class_list":["post-881","page","type-page","status-publish","hentry","no-post-thumbnail"],"_links":{"self":[{"href":"https:\/\/haqaa.aau.org\/pt-pt\/wp-json\/wp\/v2\/pages\/881","targetHints":{"allow":["GET"]}}],"collection":[{"href":"https:\/\/haqaa.aau.org\/pt-pt\/wp-json\/wp\/v2\/pages"}],"about":[{"href":"https:\/\/haqaa.aau.org\/pt-pt\/wp-json\/wp\/v2\/types\/page"}],"author":[{"embeddable":true,"href":"https:\/\/haqaa.aau.org\/pt-pt\/wp-json\/wp\/v2\/users\/1"}],"replies":[{"embeddable":true,"href":"https:\/\/haqaa.aau.org\/pt-pt\/wp-json\/wp\/v2\/comments?post=881"}],"version-history":[{"count":6,"href":"https:\/\/haqaa.aau.org\/pt-pt\/wp-json\/wp\/v2\/pages\/881\/revisions"}],"predecessor-version":[{"id":894,"href":"https:\/\/haqaa.aau.org\/pt-pt\/wp-json\/wp\/v2\/pages\/881\/revisions\/894"}],"wp:attachment":[{"href":"https:\/\/haqaa.aau.org\/pt-pt\/wp-json\/wp\/v2\/media?parent=881"}],"curies":[{"name":"wp","href":"https:\/\/api.w.org\/{rel}","templated":true}]}}