{"id":915,"date":"2017-01-30T09:19:11","date_gmt":"2017-01-30T09:19:11","guid":{"rendered":"http:\/\/www.aau.org\/haqaa\/?page_id=915\/"},"modified":"2017-01-30T09:19:11","modified_gmt":"2017-01-30T09:19:11","slug":"metodologia","status":"publish","type":"page","link":"https:\/\/haqaa.aau.org\/pt-pt\/metodologia\/","title":{"rendered":"Metodologia"},"content":{"rendered":"<p>A abordagem metodol\u00f3gica considera \u00a0os diferentes aspectos do Quadro Africano de QA \u00a0e Reconhecimento(PAQAF)\u00a0 que\u00a0 est\u00e1 sendo desenvolvido e atualmente apoiado\u00a0 pela Uni\u00e3o Africana. Refor\u00e7ar\u00e1 simultaneamente as ag\u00eancias\/\u00f3rg\u00e3os nacionais de garantia de qualidade(QAAs) e\u00a0 a cultura de qualidade institucional na \u00e1rea de ensino superior assim como lan\u00e7ar as sementes\u00a0 em vista de um alinhamento\u00a0 das diferentes iniciativas \u00a0de QA regionais existentes( \u00c1frica do Leste, por exemplo) com PAQAF.\u00a0 Essa metodologia basea-se nos seguintes princ\u00edpios, que\u00a0 s\u00e3o inerentes na maneira como as atividades s\u00e3o planejadas:<\/p>\n<ul>\n<li>Essa iniciativa \u00e9 arraigada n\u00e3o s\u00f3 \u00a0na aprova\u00e7\u00e3o dos atores principais africanos mas tamb\u00e9m na <strong>capacidade\u00a0 organizacional<\/strong> africana para sustentar os esfor\u00e7os. \u00c9 por isso que a AUA\u00a0 vai\u00a0 criar um &#8221; Centro Africano de Fortalecimento de Capacidades naGQ&#8221; podendo encaminhar\u00a0 algumas atividades de forma\u00e7\u00e3o que\u00a0 essa Iniciativa vai facilitar. Al\u00e9m disso, a AUA desempenhar\u00e1 um papel cr\u00edtico na comunica\u00e7\u00e3o\u00a0 dos atores principais pan-africanos, pilotando a Plataforma de\u00a0 \u00a0GQ e facilitando\u00a0 o planejamento,\u00a0 a comunica\u00e7\u00e3o e registro de eventos a serem organizados.<\/li>\n<li>Como um meio de maximizar o impacto, <strong>as sinergias<\/strong> com as outras iniciativas atuais da QA africana, especialmente aquelas\u00a0 apoiadas pela UE e\u00a0 CUA,\u00a0\u00a0 ser\u00e3o cr\u00edticas.<\/li>\n<\/ul>\n<p style=\"padding-left: 60px;\">-Muitas atividades ser\u00e3o planejadas \u00a0junto com\u00a0 os eventos continentais e regionais na \u00c1frica,\u00a0 como o Foro\u00a0 Africano de Garantia de Qualidade(&#8220;AQAF&#8221;), &#8220;COREVIP&#8221;( Confer\u00eancia da AUA para os Vice-Reitores Africanos) e idealmente tamb\u00e9m os eventos organizados pela CUA e UNESCO.<\/p>\n<p style=\"padding-left: 60px;\">-Existem as sinergias principais com \u00a0os eventos de TUNING( uma outra iniciativa importante apoiada pela UE no \u00e2mbito da Parceria Estrat\u00e9gica UE-Africa)<\/p>\n<ul>\n<li>Algumas atividades necessitar\u00e3o\u00a0 uma forma\u00e7\u00e3o\u00a0 a ser organizada pelos especialistas da QA. Essa forma\u00e7\u00e3o\u00a0 e transfer\u00eancia de conhecimentos\u00a0 ser\u00e3o facilitadas\u00a0 pelos especialistas Europ\u00e9ios e aqueles provenientes dos pa\u00edses africanos quem tenham boas pr\u00e1ticas a partilhar. Isso\u00a0 ajudar\u00e1 a \u00a0transfer\u00eancia\u00a0 interna dos conhecimentos africanos.<\/li>\n<li>A transfer\u00eancia de\u00a0 conhecimentos deveria ser <strong>bi-direcional<\/strong><\/li>\n<\/ul>\n<p style=\"padding-left: 60px;\">\u00a0&#8211; O Cons\u00f3rcio de Execu\u00e7\u00e3o\u00a0 utilizar\u00e1\u00a0 os\u00a0 seus\u00a0 canais europ\u00e9ios\u00a0 de dissemina\u00e7\u00e3o e pol\u00edticas para garantir que as experi\u00eancias da \u00c1frica em mat\u00e9ria de QA\u00a0 sejam partilhadas\u00a0 na Europa e\u00a0 que\u00a0 muitas atividades planejadas incluam tamb\u00e9m uma discuss\u00e3o\u00a0 sobre\u00a0 como se pode melhorar a colabora\u00e7\u00e3o \u00a0e o interc\u00e2mbio\u00a0 m\u00fatuo africano- europ\u00e9io\u00a0 em torno\u00a0 do tema de QA. Isso apoiar\u00e1\u00a0 a Parceria Estrat\u00e9gica UE-Africana assim como beneficiar\u00e1 \u00a0a\u00a0 \u00c1rea de Ensino Superior Europ\u00e9io(EHEA)<\/p>\n<ul>\n<li>Uma \u00eanfase\u00a0 ser\u00e1 colocada\u00a0 no\u00a0 <strong>envolvimento dos \u00a0pa\u00edses, organiza\u00e7\u00f5es e institui\u00e7\u00f5es que participaram menos freq\u03cbentemente no passado das atividades\u00a0 no continente africano<\/strong>, com o\u00a0 objetivo de &#8220;atualizar&#8221; alguns pa\u00edses\/indiv\u00edduos.<\/li>\n<li>Os participantes ser\u00e3o encorajados\u00a0 a aproveitarem\u00a0 os programas\u00a0 financiados pela UE visando o ensino\u00a0 superior e a \u00c1frica como\u00a0\u00a0 <u><a href=\"https:\/\/ec.europa.eu\/programmes\/erasmus-plus\/about_en\">Erasmus<\/a>,<\/u>\u00a0 <a href=\"https:\/\/ec.europa.eu\/research\/mariecurieactions\/\"><u>Marie \u00a0Sklodowska-Curie Actions<\/u><\/a> e o <a href=\"https:\/\/eacea.ec.europa.eu\/intra-africa\/actions\/intra-africa-academic-mobility-scheme_en\"><u>Programa de Mobilidade Acad\u00eamica Intra- Africana<\/u><\/a> para\u00a0 uma maior\u00a0 execu\u00e7\u00e3o e melhoria do \u00a0trabalho de campo.<\/li>\n<\/ul>\n","protected":false},"excerpt":{"rendered":"<p>A abordagem metodol\u00f3gica considera \u00a0os diferentes aspectos do Quadro Africano de QA \u00a0e Reconhecimento(PAQAF)\u00a0 que\u00a0 est\u00e1 sendo desenvolvido e atualmente apoiado\u00a0 pela Uni\u00e3o Africana. Refor\u00e7ar\u00e1 simultaneamente as ag\u00eancias\/\u00f3rg\u00e3os nacionais de garantia de qualidade(QAAs) e\u00a0 a cultura de qualidade institucional na \u00e1rea de ensino superior assim como lan\u00e7ar as sementes\u00a0 em vista de um alinhamento\u00a0 das diferentes iniciativas \u00a0de QA regionais &#8230; <\/p>\n<div><a href=\"https:\/\/haqaa.aau.org\/pt-pt\/metodologia\/\" class=\"more-link\">Read More<\/a><\/div>\n","protected":false},"author":1,"featured_media":0,"parent":0,"menu_order":0,"comment_status":"closed","ping_status":"closed","template":"","meta":{"footnotes":""},"class_list":["post-915","page","type-page","status-publish","hentry","no-post-thumbnail"],"_links":{"self":[{"href":"https:\/\/haqaa.aau.org\/pt-pt\/wp-json\/wp\/v2\/pages\/915","targetHints":{"allow":["GET"]}}],"collection":[{"href":"https:\/\/haqaa.aau.org\/pt-pt\/wp-json\/wp\/v2\/pages"}],"about":[{"href":"https:\/\/haqaa.aau.org\/pt-pt\/wp-json\/wp\/v2\/types\/page"}],"author":[{"embeddable":true,"href":"https:\/\/haqaa.aau.org\/pt-pt\/wp-json\/wp\/v2\/users\/1"}],"replies":[{"embeddable":true,"href":"https:\/\/haqaa.aau.org\/pt-pt\/wp-json\/wp\/v2\/comments?post=915"}],"version-history":[{"count":1,"href":"https:\/\/haqaa.aau.org\/pt-pt\/wp-json\/wp\/v2\/pages\/915\/revisions"}],"predecessor-version":[{"id":916,"href":"https:\/\/haqaa.aau.org\/pt-pt\/wp-json\/wp\/v2\/pages\/915\/revisions\/916"}],"wp:attachment":[{"href":"https:\/\/haqaa.aau.org\/pt-pt\/wp-json\/wp\/v2\/media?parent=915"}],"curies":[{"name":"wp","href":"https:\/\/api.w.org\/{rel}","templated":true}]}}